{"id":469,"date":"2016-08-29T23:11:26","date_gmt":"2016-08-29T21:11:26","guid":{"rendered":"https:\/\/atarinside.dyndns.org\/blog\/?page_id=469"},"modified":"2016-08-29T23:12:29","modified_gmt":"2016-08-29T21:12:29","slug":"atari-uk","status":"publish","type":"page","link":"https:\/\/www.atarinside.com\/blog\/index.php\/atari-uk\/","title":{"rendered":"Atari UK"},"content":{"rendered":"<div class='catablog-catalog'><div class='catablog-row disk french game pdf'>\r\n\r\n<style type=\"text\/css\">\r\n\r\n.tg  {border-collapse:collapse;border-spacing:0;border-color:#ccc;}\r\n.tg td{font-family:Arial, sans-serif;font-size:14px;padding:5px 0px;border-style:solid;border-width:0px;overflow:hidden;word-break:normal;border-color:#fff;color:#333;background-color:#fff;}\r\n.tg th{font-family:Arial, sans-serif;font-size:14px;font-weight:normal;padding:5px 0px;border-style:solid;border-width:0px;overflow:hidden;word-break:normal;border-color:#ffffff;color:#333;background-color:#F0F0F0;}\r\n.tg .tg-016x{text-align:center;color:#444444;vertical-align:top;}\r\n.tg .tg-yw4l{vertical-align:top;}\r\n@media screen and (max-width: 800px) {.tg {width: auto !important;}.tg col {width: auto !important;}.tg-wrap {overflow-x: auto;-webkit-overflow-scrolling: touch;}}\r\n\r\n.tgpetit  {border-collapse:collapse;border-spacing:0;border-color:#ccc;}\r\n.tgpetit td{font-family:Arial, sans-serif;font-size:14px;padding:5px 0px;border-style:solid;border-width:0px;overflow:hidden;word-break:normal;border-color:#fff;color:#333;background-color:#fff;}\r\n.tgpetit th{font-family:Arial, sans-serif;font-size:14px;font-weight:normal;padding:5px 0px;border-style:solid;border-width:0px;overflow:hidden;word-break:normal;border-color:#ffffff;color:#333;background-color:#F0F0F0;}\r\n.tgpetit .tg-111{text-align:center;color:#444444;vertical-align:top;}\r\n.tgpetit .tg-222{vertical-align:top;}\r\n@media screen and (max-width: 800px) {.tgpetit {width: 250px !important;}.tgpetit col {width: 50px !important;}.tgpetit th {font-size:80% !important;}.tgpetit-wrap {overflow-x: visible;-webkit-overflow-scrolling: touch;}}\r\n\r\n<\/style>\r\n\r\n<div class=\"tg-wrap\">\r\n<table class=\"tg\" style=\"table-layout: fixed;\">\r\n<colgroup>\r\n<col style=\"width: 10%\">\r\n<col style=\"width: 45%\">\r\n<\/colgroup>\r\n  <tr>\r\n    <th class=\"tg-016x\">Cover<\/th>\r\n    <th class=\"tg-016x\">Title<\/th>\r\n  <\/tr>\r\n  <tr>\r\n    <td class=\"tg-yw4l\"><a href='https:\/\/www.atarinside.com\/blog\/wp-content\/uploads\/catablog\/fullsize\/Cameleon - D7 - DXF 54016 - Cover.jpg' class='catablog-image'  ><img decoding=\"async\" src=\"https:\/\/www.atarinside.com\/blog\/wp-content\/uploads\/catablog\/thumbnails\/Cameleon - D7 - DXF 54016 - Cover.jpg\" alt=\"\" \/><\/a><\/td>\r\n    <td class=\"tg-yw4l\"><h3><A Href=\"https:\/\/www.atarinside.com\/blog\/index.php\/atarinside-items\/cameleon\/\"> Cam\u00e9l\u00e9on  - DXF 54016<\/A><\/h3>\r\n\t\t\t<p><strong>CAMELEON<\/strong><br \/>\nJeu de strat\u00e9gie \u00e0 deux joueurs, sur disquette. Le jeu du Cam\u00e9l\u00e9on est le premier jeu de strat\u00e9gie pure cr\u00e9\u00e9 sp\u00e9cifiquement pour un micro-ordinateur. Vous pratiquez ...<br><A Href=\"https:\/\/www.atarinside.com\/blog\/index.php\/atarinside-items\/cameleon\/\"> [Read more]<\/A>\r\n\r\n<Div style=\"display: inline-block; float:left; width: 100%;\">\r\n<STYLE type=\"text\/css\">\r\n.catablog-row .catablog-image.catablog-subimage {\r\n    float: left;\r\n    width: 10%;\r\n    margin: 2px;\r\n    padding: 0;\r\n    border: 0 none;\r\n}\r\n<\/style>\r\n<a href='https:\/\/www.atarinside.com\/blog\/wp-content\/uploads\/catablog\/fullsize\/Cameleon - D7 - DXF 54016 - Back.jpg' class='catablog-subimage catablog-image'><img decoding=\"async\" src=\"https:\/\/www.atarinside.com\/blog\/wp-content\/uploads\/catablog\/thumbnails\/Cameleon - D7 - DXF 54016 - Back.jpg\" \/><\/a><a href='https:\/\/www.atarinside.com\/blog\/wp-content\/uploads\/catablog\/fullsize\/Cameleon - D7 - DXF 54016 - D7.jpg' class='catablog-subimage catablog-image'><img decoding=\"async\" src=\"https:\/\/www.atarinside.com\/blog\/wp-content\/uploads\/catablog\/thumbnails\/Cameleon - D7 - DXF 54016 - D7.jpg\" \/><\/a><a href='https:\/\/www.atarinside.com\/blog\/wp-content\/uploads\/catablog\/fullsize\/Cameleon - D7 - DXF 54016 - Instruction.jpg' class='catablog-subimage catablog-image'><img decoding=\"async\" src=\"https:\/\/www.atarinside.com\/blog\/wp-content\/uploads\/catablog\/thumbnails\/Cameleon - D7 - DXF 54016 - Instruction.jpg\" \/><\/a><a href='https:\/\/www.atarinside.com\/blog\/wp-content\/uploads\/catablog\/fullsize\/Cameleon - Soft&Micro 010 - Page 025 (1985-07-08).jpg' class='catablog-subimage catablog-image'><img decoding=\"async\" src=\"https:\/\/www.atarinside.com\/blog\/wp-content\/uploads\/catablog\/thumbnails\/Cameleon - Soft&Micro 010 - Page 025 (1985-07-08).jpg\" \/><\/a><a href='https:\/\/www.atarinside.com\/blog\/wp-content\/uploads\/catablog\/fullsize\/Cameleon - D7 - DXF 54016 - Screen1.png' class='catablog-subimage catablog-image'><img decoding=\"async\" src=\"https:\/\/www.atarinside.com\/blog\/wp-content\/uploads\/catablog\/thumbnails\/Cameleon - D7 - DXF 54016 - Screen1.png\" \/><\/a><a href='https:\/\/www.atarinside.com\/blog\/wp-content\/uploads\/catablog\/fullsize\/Cameleon - D7 - DXF 54016 - Screen3.png' class='catablog-subimage catablog-image'><img decoding=\"async\" src=\"https:\/\/www.atarinside.com\/blog\/wp-content\/uploads\/catablog\/thumbnails\/Cameleon - D7 - DXF 54016 - Screen3.png\" \/><\/a><a href='https:\/\/www.atarinside.com\/blog\/wp-content\/uploads\/catablog\/fullsize\/Cameleon - D7 - DXF 54016 - Screen2.png' class='catablog-subimage catablog-image'><img decoding=\"async\" src=\"https:\/\/www.atarinside.com\/blog\/wp-content\/uploads\/catablog\/thumbnails\/Cameleon - D7 - DXF 54016 - Screen2.png\" \/><\/a>\r\n<\/div>\r\n\r\n<!--insertion mini tableau debut-->\r\n<div class=\"tgpetit-wrap\">\r\n<table class=\"tgpetit\" style=\"table-layout: fixed; width: 60%; border-radius: 0px;\">\r\n<colgroup>\r\n<col style=\"width: 25%\">\r\n<col style=\"width: 25%\">\r\n<col style=\"width: 25%\">\r\n<col style=\"width: 25%\">\r\n<\/colgroup>\r\n  <tr>\r\n    <th class=\"tg-111\">Media<\/th>\r\n    <th class=\"tg-111\">Type<\/th>\r\n    <th class=\"tg-111\">Country<\/th>\r\n    <th class=\"tg-111\">Doc<\/th>\r\n  <\/tr>\r\n  <tr>\r\n    <td class=\"tg-222\"><div class='mediacatablog-row disk french game pdf'>A<\/div<\/td>\r\n    <td class=\"tg-222\"><div class='categcatablog-row disk french game pdf'>A<br><br><\/div><\/td>\r\n    <td class=\"tg-222\"><div class='payscatablog-row disk french game pdf'>A<br><br><\/div><\/td>\r\n    <td class=\"tg-222\" style = \"padding: 0px;\"><div class='pdfcatablog-row disk french game pdf'><A class=\"pdfcatablog-row disk french game pdf\" href=\"https:\/\/www.atarinside.com\/blog\/wp-content\/uploads\/2017\/02\/Cameleon-D7-DXF-54016.pdf\" target=\"new\" id=\"pdfcatablog-row disk french game pdf\">A<\/a><br><br><\/div>\r\n  <\/tr>\r\n<\/table>\r\n<\/div>\r\n<!--insertion mini tableau Fin-->\r\n<\/td>\r\n  <\/tr>\r\n<\/table>\r\n<\/div><div class='catablog-row game pdf tape uk'>\r\n\r\n<style type=\"text\/css\">\r\n\r\n.tg  {border-collapse:collapse;border-spacing:0;border-color:#ccc;}\r\n.tg td{font-family:Arial, sans-serif;font-size:14px;padding:5px 0px;border-style:solid;border-width:0px;overflow:hidden;word-break:normal;border-color:#fff;color:#333;background-color:#fff;}\r\n.tg th{font-family:Arial, sans-serif;font-size:14px;font-weight:normal;padding:5px 0px;border-style:solid;border-width:0px;overflow:hidden;word-break:normal;border-color:#ffffff;color:#333;background-color:#F0F0F0;}\r\n.tg .tg-016x{text-align:center;color:#444444;vertical-align:top;}\r\n.tg .tg-yw4l{vertical-align:top;}\r\n@media screen and (max-width: 800px) {.tg {width: auto !important;}.tg col {width: auto !important;}.tg-wrap {overflow-x: auto;-webkit-overflow-scrolling: touch;}}\r\n\r\n.tgpetit  {border-collapse:collapse;border-spacing:0;border-color:#ccc;}\r\n.tgpetit td{font-family:Arial, sans-serif;font-size:14px;padding:5px 0px;border-style:solid;border-width:0px;overflow:hidden;word-break:normal;border-color:#fff;color:#333;background-color:#fff;}\r\n.tgpetit th{font-family:Arial, sans-serif;font-size:14px;font-weight:normal;padding:5px 0px;border-style:solid;border-width:0px;overflow:hidden;word-break:normal;border-color:#ffffff;color:#333;background-color:#F0F0F0;}\r\n.tgpetit .tg-111{text-align:center;color:#444444;vertical-align:top;}\r\n.tgpetit .tg-222{vertical-align:top;}\r\n@media screen and (max-width: 800px) {.tgpetit {width: 250px !important;}.tgpetit col {width: 50px !important;}.tgpetit th {font-size:80% !important;}.tgpetit-wrap {overflow-x: visible;-webkit-overflow-scrolling: touch;}}\r\n\r\n<\/style>\r\n\r\n<div class=\"tg-wrap\">\r\n<table class=\"tg\" style=\"table-layout: fixed;\">\r\n<colgroup>\r\n<col style=\"width: 10%\">\r\n<col style=\"width: 45%\">\r\n<\/colgroup>\r\n  <tr>\r\n    <th class=\"tg-016x\">Cover<\/th>\r\n    <th class=\"tg-016x\">Title<\/th>\r\n  <\/tr>\r\n  <tr>\r\n    <td class=\"tg-yw4l\"><a href='https:\/\/www.atarinside.com\/blog\/wp-content\/uploads\/catablog\/fullsize\/The lone raider K7 EC2001 - Cover.jpg' class='catablog-image'  ><img decoding=\"async\" src=\"https:\/\/www.atarinside.com\/blog\/wp-content\/uploads\/catablog\/thumbnails\/The lone raider K7 EC2001 - Cover.jpg\" alt=\"\" \/><\/a><\/td>\r\n    <td class=\"tg-yw4l\"><h3><A Href=\"https:\/\/www.atarinside.com\/blog\/index.php\/atarinside-items\/the-lone-raider\/\"> The lone raider  - EC2001<\/A><\/h3>\r\n\t\t\t<p>Your mission: to destroy the nuclear power source.<br \/>\nThe factory is protected by terminating guards and robots &#8211; vaporise them before they vaporise you! Clear the neutron corridors....<br><A Href=\"https:\/\/www.atarinside.com\/blog\/index.php\/atarinside-items\/the-lone-raider\/\"> [Read more]<\/A>\r\n\r\n<Div style=\"display: inline-block; float:left; width: 100%;\">\r\n<STYLE type=\"text\/css\">\r\n.catablog-row .catablog-image.catablog-subimage {\r\n    float: left;\r\n    width: 10%;\r\n    margin: 2px;\r\n    padding: 0;\r\n    border: 0 none;\r\n}\r\n<\/style>\r\n<a href='https:\/\/www.atarinside.com\/blog\/wp-content\/uploads\/catablog\/fullsize\/The lone raider K7 EC2001 - K7.jpg' class='catablog-subimage catablog-image'><img decoding=\"async\" src=\"https:\/\/www.atarinside.com\/blog\/wp-content\/uploads\/catablog\/thumbnails\/The lone raider K7 EC2001 - K7.jpg\" \/><\/a><a href='https:\/\/www.atarinside.com\/blog\/wp-content\/uploads\/catablog\/fullsize\/The lone raider K7 EC2001 K7 - screen1.png' class='catablog-subimage catablog-image'><img decoding=\"async\" src=\"https:\/\/www.atarinside.com\/blog\/wp-content\/uploads\/catablog\/thumbnails\/The lone raider K7 EC2001 K7 - screen1.png\" \/><\/a><a href='https:\/\/www.atarinside.com\/blog\/wp-content\/uploads\/catablog\/fullsize\/The lone raider K7 EC2001 K7 - screen2.png' class='catablog-subimage catablog-image'><img decoding=\"async\" src=\"https:\/\/www.atarinside.com\/blog\/wp-content\/uploads\/catablog\/thumbnails\/The lone raider K7 EC2001 K7 - screen2.png\" \/><\/a><a href='https:\/\/www.atarinside.com\/blog\/wp-content\/uploads\/catablog\/fullsize\/The lone raider K7 EC2001 K7 - screen3.png' class='catablog-subimage catablog-image'><img decoding=\"async\" src=\"https:\/\/www.atarinside.com\/blog\/wp-content\/uploads\/catablog\/thumbnails\/The lone raider K7 EC2001 K7 - screen3.png\" \/><\/a><a href='https:\/\/www.atarinside.com\/blog\/wp-content\/uploads\/catablog\/fullsize\/The lone raider K7 EC2001 K7 - screen4.png' class='catablog-subimage catablog-image'><img decoding=\"async\" src=\"https:\/\/www.atarinside.com\/blog\/wp-content\/uploads\/catablog\/thumbnails\/The lone raider K7 EC2001 K7 - screen4.png\" \/><\/a><a href='https:\/\/www.atarinside.com\/blog\/wp-content\/uploads\/catablog\/fullsize\/The lone raider K7 EC2001 - addon.jpg' class='catablog-subimage catablog-image'><img decoding=\"async\" src=\"https:\/\/www.atarinside.com\/blog\/wp-content\/uploads\/catablog\/thumbnails\/The lone raider K7 EC2001 - addon.jpg\" \/><\/a>\r\n<\/div>\r\n\r\n<!--insertion mini tableau debut-->\r\n<div class=\"tgpetit-wrap\">\r\n<table class=\"tgpetit\" style=\"table-layout: fixed; width: 60%; border-radius: 0px;\">\r\n<colgroup>\r\n<col style=\"width: 25%\">\r\n<col style=\"width: 25%\">\r\n<col style=\"width: 25%\">\r\n<col style=\"width: 25%\">\r\n<\/colgroup>\r\n  <tr>\r\n    <th class=\"tg-111\">Media<\/th>\r\n    <th class=\"tg-111\">Type<\/th>\r\n    <th class=\"tg-111\">Country<\/th>\r\n    <th class=\"tg-111\">Doc<\/th>\r\n  <\/tr>\r\n  <tr>\r\n    <td class=\"tg-222\"><div class='mediacatablog-row game pdf tape uk'>A<\/div<\/td>\r\n    <td class=\"tg-222\"><div class='categcatablog-row game pdf tape uk'>A<br><br><\/div><\/td>\r\n    <td class=\"tg-222\"><div class='payscatablog-row game pdf tape uk'>A<br><br><\/div><\/td>\r\n    <td class=\"tg-222\" style = \"padding: 0px;\"><div class='pdfcatablog-row game pdf tape uk'><A class=\"pdfcatablog-row game pdf tape uk\" href=\"https:\/\/www.atarinside.com\/blog\/wp-content\/uploads\/2016\/08\/The-lone-raider-K7-EC2001.pdf\" target=\"new\" id=\"pdfcatablog-row game pdf tape uk\">A<\/a><br><br><\/div>\r\n  <\/tr>\r\n<\/table>\r\n<\/div>\r\n<!--insertion mini tableau Fin-->\r\n<\/td>\r\n  <\/tr>\r\n<\/table>\r\n<\/div><div class='catablog-row disk game nopdf uk'>\r\n\r\n<style type=\"text\/css\">\r\n\r\n.tg  {border-collapse:collapse;border-spacing:0;border-color:#ccc;}\r\n.tg td{font-family:Arial, sans-serif;font-size:14px;padding:5px 0px;border-style:solid;border-width:0px;overflow:hidden;word-break:normal;border-color:#fff;color:#333;background-color:#fff;}\r\n.tg th{font-family:Arial, sans-serif;font-size:14px;font-weight:normal;padding:5px 0px;border-style:solid;border-width:0px;overflow:hidden;word-break:normal;border-color:#ffffff;color:#333;background-color:#F0F0F0;}\r\n.tg .tg-016x{text-align:center;color:#444444;vertical-align:top;}\r\n.tg .tg-yw4l{vertical-align:top;}\r\n@media screen and (max-width: 800px) {.tg {width: auto !important;}.tg col {width: auto !important;}.tg-wrap {overflow-x: auto;-webkit-overflow-scrolling: touch;}}\r\n\r\n.tgpetit  {border-collapse:collapse;border-spacing:0;border-color:#ccc;}\r\n.tgpetit td{font-family:Arial, sans-serif;font-size:14px;padding:5px 0px;border-style:solid;border-width:0px;overflow:hidden;word-break:normal;border-color:#fff;color:#333;background-color:#fff;}\r\n.tgpetit th{font-family:Arial, sans-serif;font-size:14px;font-weight:normal;padding:5px 0px;border-style:solid;border-width:0px;overflow:hidden;word-break:normal;border-color:#ffffff;color:#333;background-color:#F0F0F0;}\r\n.tgpetit .tg-111{text-align:center;color:#444444;vertical-align:top;}\r\n.tgpetit .tg-222{vertical-align:top;}\r\n@media screen and (max-width: 800px) {.tgpetit {width: 250px !important;}.tgpetit col {width: 50px !important;}.tgpetit th {font-size:80% !important;}.tgpetit-wrap {overflow-x: visible;-webkit-overflow-scrolling: touch;}}\r\n\r\n<\/style>\r\n\r\n<div class=\"tg-wrap\">\r\n<table class=\"tg\" style=\"table-layout: fixed;\">\r\n<colgroup>\r\n<col style=\"width: 10%\">\r\n<col style=\"width: 45%\">\r\n<\/colgroup>\r\n  <tr>\r\n    <th class=\"tg-016x\">Cover<\/th>\r\n    <th class=\"tg-016x\">Title<\/th>\r\n  <\/tr>\r\n  <tr>\r\n    <td class=\"tg-yw4l\"><a href='https:\/\/www.atarinside.com\/blog\/wp-content\/uploads\/catablog\/fullsize\/The pay-off - D7 - EC4002.JPG' class='catablog-image'  ><img decoding=\"async\" src=\"https:\/\/www.atarinside.com\/blog\/wp-content\/uploads\/catablog\/thumbnails\/The pay-off - D7 - EC4002.JPG\" alt=\"\" \/><\/a><\/td>\r\n    <td class=\"tg-yw4l\"><h3><A Href=\"https:\/\/www.atarinside.com\/blog\/index.php\/atarinside-items\/the-pay-off\/\"> The pay-off  - EC4002<\/A><\/h3>\r\n\t\t\t<p>Ingenious Adventure Program produced by Atari<br \/>\nExplore the dangerous streets of downtown New Jersey in this exciting adventure game.<br \/>\nIt&#8217;s tough on the streets of New Jersey. Hard...<br><A Href=\"https:\/\/www.atarinside.com\/blog\/index.php\/atarinside-items\/the-pay-off\/\"> [Read more]<\/A>\r\n\r\n<Div style=\"display: inline-block; float:left; width: 100%;\">\r\n<STYLE type=\"text\/css\">\r\n.catablog-row .catablog-image.catablog-subimage {\r\n    float: left;\r\n    width: 10%;\r\n    margin: 2px;\r\n    padding: 0;\r\n    border: 0 none;\r\n}\r\n<\/style>\r\n<a href='https:\/\/www.atarinside.com\/blog\/wp-content\/uploads\/catablog\/fullsize\/The pay-off - D7 - EC4002 - D7.jpg' class='catablog-subimage catablog-image'><img decoding=\"async\" src=\"https:\/\/www.atarinside.com\/blog\/wp-content\/uploads\/catablog\/thumbnails\/The pay-off - D7 - EC4002 - D7.jpg\" \/><\/a><a href='https:\/\/www.atarinside.com\/blog\/wp-content\/uploads\/catablog\/fullsize\/The pay-off - D7 - EC4002 - Screen0.png' class='catablog-subimage catablog-image'><img decoding=\"async\" src=\"https:\/\/www.atarinside.com\/blog\/wp-content\/uploads\/catablog\/thumbnails\/The pay-off - D7 - EC4002 - Screen0.png\" \/><\/a><a href='https:\/\/www.atarinside.com\/blog\/wp-content\/uploads\/catablog\/fullsize\/The pay-off - D7 - EC4002 - Screen1.png' class='catablog-subimage catablog-image'><img decoding=\"async\" src=\"https:\/\/www.atarinside.com\/blog\/wp-content\/uploads\/catablog\/thumbnails\/The pay-off - D7 - EC4002 - Screen1.png\" \/><\/a><a href='https:\/\/www.atarinside.com\/blog\/wp-content\/uploads\/catablog\/fullsize\/The pay-off - D7 - EC4002 - Screen2.png' class='catablog-subimage catablog-image'><img decoding=\"async\" src=\"https:\/\/www.atarinside.com\/blog\/wp-content\/uploads\/catablog\/thumbnails\/The pay-off - D7 - EC4002 - Screen2.png\" \/><\/a>\r\n<\/div>\r\n\r\n<!--insertion mini tableau debut-->\r\n<div class=\"tgpetit-wrap\">\r\n<table class=\"tgpetit\" style=\"table-layout: fixed; width: 60%; border-radius: 0px;\">\r\n<colgroup>\r\n<col style=\"width: 25%\">\r\n<col style=\"width: 25%\">\r\n<col style=\"width: 25%\">\r\n<col style=\"width: 25%\">\r\n<\/colgroup>\r\n  <tr>\r\n    <th class=\"tg-111\">Media<\/th>\r\n    <th class=\"tg-111\">Type<\/th>\r\n    <th class=\"tg-111\">Country<\/th>\r\n    <th class=\"tg-111\">Doc<\/th>\r\n  <\/tr>\r\n  <tr>\r\n    <td class=\"tg-222\"><div class='mediacatablog-row disk game nopdf uk'>A<\/div<\/td>\r\n    <td class=\"tg-222\"><div class='categcatablog-row disk game nopdf uk'>A<br><br><\/div><\/td>\r\n    <td class=\"tg-222\"><div class='payscatablog-row disk game nopdf uk'>A<br><br><\/div><\/td>\r\n    <td class=\"tg-222\" style = \"padding: 0px;\"><div class='pdfcatablog-row disk game nopdf uk'><A class=\"pdfcatablog-row disk game nopdf uk\" href=\"https:\/\/www.atarinside.com\/blog\/wp-content\/uploads\/catablog\/fullsize\/The pay-off - D7 - EC4002.JPG\" target=\"new\" id=\"pdfcatablog-row disk game nopdf uk\">A<\/a><br><br><\/div>\r\n  <\/tr>\r\n<\/table>\r\n<\/div>\r\n<!--insertion mini tableau Fin-->\r\n<\/td>\r\n  <\/tr>\r\n<\/table>\r\n<\/div><\/div><div class='catablog-navigation'><span class='catablog-navigation-link catablog-first-page-link catablog-disabled'>Pr\u00e9c\u00e9dent<\/span> <\/div>\n","protected":false},"excerpt":{"rendered":"","protected":false},"author":1,"featured_media":0,"parent":0,"menu_order":5,"comment_status":"open","ping_status":"closed","template":"","meta":{"rop_custom_images_group":[],"rop_custom_messages_group":[],"rop_publish_now":"initial","rop_publish_now_accounts":{"facebook_10222809492399760_1734439746878587":""},"rop_publish_now_history":[],"rop_publish_now_status":"pending","footnotes":""},"class_list":["post-469","page","type-page","status-publish","hentry"],"yoast_head":"<!-- This site is optimized with the Yoast SEO plugin v27.1.1 - https:\/\/yoast.com\/product\/yoast-seo-wordpress\/ -->\r\n<title>Atari UK - Atarinside<\/title>\r\n<meta name=\"robots\" content=\"index, follow, max-snippet:-1, max-image-preview:large, max-video-preview:-1\" \/>\r\n<link rel=\"canonical\" href=\"https:\/\/www.atarinside.com\/blog\/index.php\/atari-uk\/\" \/>\r\n<meta property=\"og:locale\" content=\"fr_FR\" \/>\r\n<meta property=\"og:type\" content=\"article\" \/>\r\n<meta property=\"og:title\" content=\"Atari UK - Atarinside\" \/>\r\n<meta property=\"og:url\" content=\"https:\/\/www.atarinside.com\/blog\/index.php\/atari-uk\/\" \/>\r\n<meta property=\"og:site_name\" content=\"Atarinside\" \/>\r\n<meta property=\"article:publisher\" content=\"https:\/\/fr-fr.facebook.com\/Atarinside\/\" \/>\r\n<meta property=\"article:modified_time\" content=\"2016-08-29T21:12:29+00:00\" \/>\r\n<meta name=\"twitter:card\" content=\"summary_large_image\" \/>\r\n<meta name=\"twitter:site\" content=\"@atarinside_fr\" \/>\r\n<script type=\"application\/ld+json\" class=\"yoast-schema-graph\">{\"@context\":\"https:\/\/schema.org\",\"@graph\":[{\"@type\":\"WebPage\",\"@id\":\"https:\/\/www.atarinside.com\/blog\/index.php\/atari-uk\/\",\"url\":\"https:\/\/www.atarinside.com\/blog\/index.php\/atari-uk\/\",\"name\":\"Atari UK - Atarinside\",\"isPartOf\":{\"@id\":\"https:\/\/www.atarinside.com\/blog\/#website\"},\"datePublished\":\"2016-08-29T21:11:26+00:00\",\"dateModified\":\"2016-08-29T21:12:29+00:00\",\"breadcrumb\":{\"@id\":\"https:\/\/www.atarinside.com\/blog\/index.php\/atari-uk\/#breadcrumb\"},\"inLanguage\":\"fr-FR\",\"potentialAction\":[{\"@type\":\"ReadAction\",\"target\":[\"https:\/\/www.atarinside.com\/blog\/index.php\/atari-uk\/\"]}]},{\"@type\":\"BreadcrumbList\",\"@id\":\"https:\/\/www.atarinside.com\/blog\/index.php\/atari-uk\/#breadcrumb\",\"itemListElement\":[{\"@type\":\"ListItem\",\"position\":1,\"name\":\"Accueil\",\"item\":\"https:\/\/www.atarinside.com\/blog\/\"},{\"@type\":\"ListItem\",\"position\":2,\"name\":\"Atari UK\"}]},{\"@type\":\"WebSite\",\"@id\":\"https:\/\/www.atarinside.com\/blog\/#website\",\"url\":\"https:\/\/www.atarinside.com\/blog\/\",\"name\":\"Atarinside\",\"description\":\"Atari 8 bits European Games and Softwares Preservation (Atari France Germany Italy UK Benelux)\",\"publisher\":{\"@id\":\"https:\/\/www.atarinside.com\/blog\/#\/schema\/person\/3a8b5bb49e55fb95e6101a96c7afbdae\"},\"potentialAction\":[{\"@type\":\"SearchAction\",\"target\":{\"@type\":\"EntryPoint\",\"urlTemplate\":\"https:\/\/www.atarinside.com\/blog\/?s={search_term_string}\"},\"query-input\":{\"@type\":\"PropertyValueSpecification\",\"valueRequired\":true,\"valueName\":\"search_term_string\"}}],\"inLanguage\":\"fr-FR\"},{\"@type\":[\"Person\",\"Organization\"],\"@id\":\"https:\/\/www.atarinside.com\/blog\/#\/schema\/person\/3a8b5bb49e55fb95e6101a96c7afbdae\",\"name\":\"Atarinside\",\"image\":{\"@type\":\"ImageObject\",\"inLanguage\":\"fr-FR\",\"@id\":\"https:\/\/www.atarinside.com\/blog\/#\/schema\/person\/image\/\",\"url\":\"https:\/\/www.atarinside.com\/blog\/wp-content\/uploads\/2021\/05\/Atarinside-logo-square-512.png\",\"contentUrl\":\"https:\/\/www.atarinside.com\/blog\/wp-content\/uploads\/2021\/05\/Atarinside-logo-square-512.png\",\"width\":512,\"height\":512,\"caption\":\"Atarinside\"},\"logo\":{\"@id\":\"https:\/\/www.atarinside.com\/blog\/#\/schema\/person\/image\/\"},\"sameAs\":[\"https:\/\/www.atarinside.com\/\",\"https:\/\/fr-fr.facebook.com\/Atarinside\/\",\"https:\/\/x.com\/atarinside_fr\"]}]}<\/script>\r\n<!-- \/ Yoast SEO plugin. -->","yoast_head_json":{"title":"Atari UK - Atarinside","robots":{"index":"index","follow":"follow","max-snippet":"max-snippet:-1","max-image-preview":"max-image-preview:large","max-video-preview":"max-video-preview:-1"},"canonical":"https:\/\/www.atarinside.com\/blog\/index.php\/atari-uk\/","og_locale":"fr_FR","og_type":"article","og_title":"Atari UK - Atarinside","og_url":"https:\/\/www.atarinside.com\/blog\/index.php\/atari-uk\/","og_site_name":"Atarinside","article_publisher":"https:\/\/fr-fr.facebook.com\/Atarinside\/","article_modified_time":"2016-08-29T21:12:29+00:00","twitter_card":"summary_large_image","twitter_site":"@atarinside_fr","schema":{"@context":"https:\/\/schema.org","@graph":[{"@type":"WebPage","@id":"https:\/\/www.atarinside.com\/blog\/index.php\/atari-uk\/","url":"https:\/\/www.atarinside.com\/blog\/index.php\/atari-uk\/","name":"Atari UK - Atarinside","isPartOf":{"@id":"https:\/\/www.atarinside.com\/blog\/#website"},"datePublished":"2016-08-29T21:11:26+00:00","dateModified":"2016-08-29T21:12:29+00:00","breadcrumb":{"@id":"https:\/\/www.atarinside.com\/blog\/index.php\/atari-uk\/#breadcrumb"},"inLanguage":"fr-FR","potentialAction":[{"@type":"ReadAction","target":["https:\/\/www.atarinside.com\/blog\/index.php\/atari-uk\/"]}]},{"@type":"BreadcrumbList","@id":"https:\/\/www.atarinside.com\/blog\/index.php\/atari-uk\/#breadcrumb","itemListElement":[{"@type":"ListItem","position":1,"name":"Accueil","item":"https:\/\/www.atarinside.com\/blog\/"},{"@type":"ListItem","position":2,"name":"Atari UK"}]},{"@type":"WebSite","@id":"https:\/\/www.atarinside.com\/blog\/#website","url":"https:\/\/www.atarinside.com\/blog\/","name":"Atarinside","description":"Atari 8 bits European Games and Softwares Preservation (Atari France Germany Italy UK Benelux)","publisher":{"@id":"https:\/\/www.atarinside.com\/blog\/#\/schema\/person\/3a8b5bb49e55fb95e6101a96c7afbdae"},"potentialAction":[{"@type":"SearchAction","target":{"@type":"EntryPoint","urlTemplate":"https:\/\/www.atarinside.com\/blog\/?s={search_term_string}"},"query-input":{"@type":"PropertyValueSpecification","valueRequired":true,"valueName":"search_term_string"}}],"inLanguage":"fr-FR"},{"@type":["Person","Organization"],"@id":"https:\/\/www.atarinside.com\/blog\/#\/schema\/person\/3a8b5bb49e55fb95e6101a96c7afbdae","name":"Atarinside","image":{"@type":"ImageObject","inLanguage":"fr-FR","@id":"https:\/\/www.atarinside.com\/blog\/#\/schema\/person\/image\/","url":"https:\/\/www.atarinside.com\/blog\/wp-content\/uploads\/2021\/05\/Atarinside-logo-square-512.png","contentUrl":"https:\/\/www.atarinside.com\/blog\/wp-content\/uploads\/2021\/05\/Atarinside-logo-square-512.png","width":512,"height":512,"caption":"Atarinside"},"logo":{"@id":"https:\/\/www.atarinside.com\/blog\/#\/schema\/person\/image\/"},"sameAs":["https:\/\/www.atarinside.com\/","https:\/\/fr-fr.facebook.com\/Atarinside\/","https:\/\/x.com\/atarinside_fr"]}]}},"_links":{"self":[{"href":"https:\/\/www.atarinside.com\/blog\/index.php\/wp-json\/wp\/v2\/pages\/469","targetHints":{"allow":["GET"]}}],"collection":[{"href":"https:\/\/www.atarinside.com\/blog\/index.php\/wp-json\/wp\/v2\/pages"}],"about":[{"href":"https:\/\/www.atarinside.com\/blog\/index.php\/wp-json\/wp\/v2\/types\/page"}],"author":[{"embeddable":true,"href":"https:\/\/www.atarinside.com\/blog\/index.php\/wp-json\/wp\/v2\/users\/1"}],"replies":[{"embeddable":true,"href":"https:\/\/www.atarinside.com\/blog\/index.php\/wp-json\/wp\/v2\/comments?post=469"}],"version-history":[{"count":0,"href":"https:\/\/www.atarinside.com\/blog\/index.php\/wp-json\/wp\/v2\/pages\/469\/revisions"}],"wp:attachment":[{"href":"https:\/\/www.atarinside.com\/blog\/index.php\/wp-json\/wp\/v2\/media?parent=469"}],"curies":[{"name":"wp","href":"https:\/\/api.w.org\/{rel}","templated":true}]}}