{"id":2159,"date":"2023-04-17T00:21:09","date_gmt":"2023-04-16T22:21:09","guid":{"rendered":"https:\/\/www.atarinside.com\/blog\/?page_id=2159"},"modified":"2023-04-17T00:54:02","modified_gmt":"2023-04-16T22:54:02","slug":"de-re-atari-francais","status":"publish","type":"page","link":"https:\/\/www.atarinside.com\/blog\/index.php\/books\/de-re-atari-francais\/","title":{"rendered":"DE RE ATARI (fran\u00e7ais)"},"content":{"rendered":"<p><a href=\"https:\/\/www.atarinside.com\/blog\/wp-content\/uploads\/2023\/04\/DE-RE-ATARI-francais-APX-90009-ISBN-2-905299-00-2-P.001-copie-scaled.jpg\" rel=\"wpdevart_lightbox\"><img loading=\"lazy\" decoding=\"async\" class=\"alignnone wp-image-2154\" src=\"https:\/\/www.atarinside.com\/blog\/wp-content\/uploads\/2023\/04\/DE-RE-ATARI-francais-APX-90009-ISBN-2-905299-00-2-P.001-copie-724x1024.jpg\" alt=\"\" width=\"283\" height=\"400\" srcset=\"https:\/\/www.atarinside.com\/blog\/wp-content\/uploads\/2023\/04\/DE-RE-ATARI-francais-APX-90009-ISBN-2-905299-00-2-P.001-copie-724x1024.jpg 724w, https:\/\/www.atarinside.com\/blog\/wp-content\/uploads\/2023\/04\/DE-RE-ATARI-francais-APX-90009-ISBN-2-905299-00-2-P.001-copie-212x300.jpg 212w, https:\/\/www.atarinside.com\/blog\/wp-content\/uploads\/2023\/04\/DE-RE-ATARI-francais-APX-90009-ISBN-2-905299-00-2-P.001-copie-768x1086.jpg 768w, https:\/\/www.atarinside.com\/blog\/wp-content\/uploads\/2023\/04\/DE-RE-ATARI-francais-APX-90009-ISBN-2-905299-00-2-P.001-copie-1086x1536.jpg 1086w, https:\/\/www.atarinside.com\/blog\/wp-content\/uploads\/2023\/04\/DE-RE-ATARI-francais-APX-90009-ISBN-2-905299-00-2-P.001-copie-1448x2048.jpg 1448w, https:\/\/www.atarinside.com\/blog\/wp-content\/uploads\/2023\/04\/DE-RE-ATARI-francais-APX-90009-ISBN-2-905299-00-2-P.001-copie-619x876.jpg 619w, https:\/\/www.atarinside.com\/blog\/wp-content\/uploads\/2023\/04\/DE-RE-ATARI-francais-APX-90009-ISBN-2-905299-00-2-P.001-copie-scaled.jpg 1810w\" sizes=\"auto, (max-width: 283px) 100vw, 283px\" \/><\/a><a href=\"https:\/\/www.atarinside.com\/blog\/wp-content\/uploads\/2023\/04\/DE-RE-ATARI-USA-Cover.jpg\" rel=\"wpdevart_lightbox\"><img loading=\"lazy\" decoding=\"async\" class=\"alignnone wp-image-2158\" src=\"https:\/\/www.atarinside.com\/blog\/wp-content\/uploads\/2023\/04\/DE-RE-ATARI-USA-Cover.jpg\" alt=\"\" width=\"303\" height=\"400\" srcset=\"https:\/\/www.atarinside.com\/blog\/wp-content\/uploads\/2023\/04\/DE-RE-ATARI-USA-Cover.jpg 590w, https:\/\/www.atarinside.com\/blog\/wp-content\/uploads\/2023\/04\/DE-RE-ATARI-USA-Cover-227x300.jpg 227w\" sizes=\"auto, (max-width: 303px) 100vw, 303px\" \/><\/a><\/p>\n<p><a href=\"https:\/\/www.atarinside.com\/blog\/wp-content\/uploads\/2023\/04\/DE-RE-ATARI-francais-APX-90009-ISBN-2-905299-00-2-P.004-scaled.jpg\" rel=\"wpdevart_lightbox\"><img loading=\"lazy\" decoding=\"async\" class=\"alignnone wp-image-2156\" src=\"https:\/\/www.atarinside.com\/blog\/wp-content\/uploads\/2023\/04\/DE-RE-ATARI-francais-APX-90009-ISBN-2-905299-00-2-P.004-724x1024.jpg\" alt=\"\" width=\"283\" height=\"400\" srcset=\"https:\/\/www.atarinside.com\/blog\/wp-content\/uploads\/2023\/04\/DE-RE-ATARI-francais-APX-90009-ISBN-2-905299-00-2-P.004-724x1024.jpg 724w, https:\/\/www.atarinside.com\/blog\/wp-content\/uploads\/2023\/04\/DE-RE-ATARI-francais-APX-90009-ISBN-2-905299-00-2-P.004-212x300.jpg 212w, https:\/\/www.atarinside.com\/blog\/wp-content\/uploads\/2023\/04\/DE-RE-ATARI-francais-APX-90009-ISBN-2-905299-00-2-P.004-768x1086.jpg 768w, https:\/\/www.atarinside.com\/blog\/wp-content\/uploads\/2023\/04\/DE-RE-ATARI-francais-APX-90009-ISBN-2-905299-00-2-P.004-1086x1536.jpg 1086w, https:\/\/www.atarinside.com\/blog\/wp-content\/uploads\/2023\/04\/DE-RE-ATARI-francais-APX-90009-ISBN-2-905299-00-2-P.004-1448x2048.jpg 1448w, https:\/\/www.atarinside.com\/blog\/wp-content\/uploads\/2023\/04\/DE-RE-ATARI-francais-APX-90009-ISBN-2-905299-00-2-P.004-619x876.jpg 619w, https:\/\/www.atarinside.com\/blog\/wp-content\/uploads\/2023\/04\/DE-RE-ATARI-francais-APX-90009-ISBN-2-905299-00-2-P.004-scaled.jpg 1810w\" sizes=\"auto, (max-width: 283px) 100vw, 283px\" \/><\/a><a href=\"https:\/\/www.atarinside.com\/blog\/wp-content\/uploads\/2023\/04\/DE-RE-ATARI-francais-APX-90009-ISBN-2-905299-00-2-P.005-scaled.jpg\" rel=\"wpdevart_lightbox\"><img loading=\"lazy\" decoding=\"async\" class=\"alignnone wp-image-2157\" src=\"https:\/\/www.atarinside.com\/blog\/wp-content\/uploads\/2023\/04\/DE-RE-ATARI-francais-APX-90009-ISBN-2-905299-00-2-P.005-724x1024.jpg\" alt=\"\" width=\"283\" height=\"400\" srcset=\"https:\/\/www.atarinside.com\/blog\/wp-content\/uploads\/2023\/04\/DE-RE-ATARI-francais-APX-90009-ISBN-2-905299-00-2-P.005-724x1024.jpg 724w, https:\/\/www.atarinside.com\/blog\/wp-content\/uploads\/2023\/04\/DE-RE-ATARI-francais-APX-90009-ISBN-2-905299-00-2-P.005-212x300.jpg 212w, https:\/\/www.atarinside.com\/blog\/wp-content\/uploads\/2023\/04\/DE-RE-ATARI-francais-APX-90009-ISBN-2-905299-00-2-P.005-768x1086.jpg 768w, https:\/\/www.atarinside.com\/blog\/wp-content\/uploads\/2023\/04\/DE-RE-ATARI-francais-APX-90009-ISBN-2-905299-00-2-P.005-1086x1536.jpg 1086w, https:\/\/www.atarinside.com\/blog\/wp-content\/uploads\/2023\/04\/DE-RE-ATARI-francais-APX-90009-ISBN-2-905299-00-2-P.005-1448x2048.jpg 1448w, https:\/\/www.atarinside.com\/blog\/wp-content\/uploads\/2023\/04\/DE-RE-ATARI-francais-APX-90009-ISBN-2-905299-00-2-P.005-619x876.jpg 619w, https:\/\/www.atarinside.com\/blog\/wp-content\/uploads\/2023\/04\/DE-RE-ATARI-francais-APX-90009-ISBN-2-905299-00-2-P.005-scaled.jpg 1810w\" sizes=\"auto, (max-width: 283px) 100vw, 283px\" \/><\/a><br \/>\n<strong>Introduction<\/strong><\/p>\n<p>Le DE RE ATARI est un livre de r\u00e9f\u00e9rence indispensable pour tous les programmes avanc\u00e9s en BASIC ATARI et en ASSEMBLEUR.<\/p>\n<p>R\u00e9dig\u00e9 par des ing\u00e9nieurs d&#8217;ATARI, il permet de comprendre la structure interne des Ordinateurs ATARI, LE BASIC ATARI, ainsi que le syst\u00e8me d&#8217;exploitation en m\u00e9moire morte. Il sert ainsi d&#8217;outil d&#8217;initiation aux techniques avanc\u00e9es de programmation des Ordinateurs ATARI.<\/p>\n<p>Ce guide traite en profondeur tout un ensemble de sujets aussi fondamentaux que les Player Missiles (objets graphiques), les modes multi-graphiques, le scrolling (effet de rouleau), l&#8217;appel des routines en m\u00e9moire morte, les interruptions graphiques, etc&#8230; Il contient \u00e9galement plusieurs routines et programmes en BASIC et en ASSEMBLEUR.<\/p>\n<p>Le DE RE ATARI est l&#8217;outil de base qui permet de programmer avec plus de facilit\u00e9 votre Ordinateur ATARI.<\/p>\n<p><strong>Editor :<\/strong> Atari France &#8211; 1981 &#8211; APX 90009 &#8211; ISBN 2-905299-00-2<\/p>\n<p><strong>Authors :<\/strong> &#8220;groupe Support et d\u00e9veloppement logiciel&#8221;, Chris Crawford, Lane Winner, Jim Cox, Amy Chen, Jim Dunion, Kathleen Pitta, Bob Fraser, Gus Makreas.<\/p>\n<p><strong>Distributors<\/strong> : Edition Eyrolles (Paris) &#8211; 1981<\/p>\n<p><strong>Translations :<\/strong> This book is a translation of <a href=\"https:\/\/archive.org\/details\/ataribooks-de-re-atari\" target=\"_blank\" rel=\"noopener\">DE RE ATARI (USA)<\/a><\/p>\n<p><strong>Download :<\/strong>\u00a0 <a href=\"https:\/\/www.atarinside.com\/blog\/wp-content\/uploads\/2023\/04\/DE-RE-ATARI-francais-APX-90009-ISBN-2-905299-00-2.pdf\">DE RE ATARI &#8211; Fran\u00e7ais (PDF)<\/a><\/p>\n<p>&nbsp;<\/p>\n","protected":false},"excerpt":{"rendered":"<p>Introduction Le DE RE ATARI est un livre de r\u00e9f\u00e9rence indispensable pour tous les programmes avanc\u00e9s en BASIC ATARI et en ASSEMBLEUR. R\u00e9dig\u00e9 par des ing\u00e9nieurs d&#8217;ATARI, il permet de comprendre la structure interne des Ordinateurs ATARI, LE BASIC ATARI, ainsi que le syst\u00e8me d&#8217;exploitation en m\u00e9moire morte. Il sert ainsi d&#8217;outil d&#8217;initiation aux techniques [&hellip;]<\/p>\n","protected":false},"author":1,"featured_media":2154,"parent":2163,"menu_order":0,"comment_status":"closed","ping_status":"closed","template":"","meta":{"rop_custom_images_group":[],"rop_custom_messages_group":[],"rop_publish_now":"initial","rop_publish_now_accounts":{"facebook_10222809492399760_1734439746878587":""},"rop_publish_now_history":[],"rop_publish_now_status":"pending","footnotes":""},"class_list":["post-2159","page","type-page","status-publish","has-post-thumbnail","hentry"],"yoast_head":"<!-- This site is optimized with the Yoast SEO plugin v27.1.1 - https:\/\/yoast.com\/product\/yoast-seo-wordpress\/ -->\r\n<title>DE RE ATARI (fran\u00e7ais) - Atarinside<\/title>\r\n<meta name=\"description\" content=\"DE RE ATARI fran\u00e7ais french APX 90009 - ISBN 2-905299-00-2\" \/>\r\n<meta name=\"robots\" content=\"index, follow, max-snippet:-1, max-image-preview:large, max-video-preview:-1\" \/>\r\n<link rel=\"canonical\" href=\"https:\/\/www.atarinside.com\/blog\/index.php\/books\/de-re-atari-francais\/\" \/>\r\n<meta property=\"og:locale\" content=\"fr_FR\" \/>\r\n<meta property=\"og:type\" content=\"article\" \/>\r\n<meta property=\"og:title\" content=\"DE RE ATARI (fran\u00e7ais) - Atarinside\" \/>\r\n<meta property=\"og:description\" content=\"DE RE ATARI fran\u00e7ais french APX 90009 - ISBN 2-905299-00-2\" \/>\r\n<meta property=\"og:url\" content=\"https:\/\/www.atarinside.com\/blog\/index.php\/books\/de-re-atari-francais\/\" \/>\r\n<meta property=\"og:site_name\" content=\"Atarinside\" \/>\r\n<meta property=\"article:publisher\" content=\"https:\/\/fr-fr.facebook.com\/Atarinside\/\" \/>\r\n<meta property=\"article:modified_time\" content=\"2023-04-16T22:54:02+00:00\" \/>\r\n<meta property=\"og:image\" content=\"https:\/\/www.atarinside.com\/blog\/wp-content\/uploads\/2023\/04\/DE-RE-ATARI-francais-APX-90009-ISBN-2-905299-00-2-P.001-copie-scaled.jpg\" \/>\r\n\t<meta property=\"og:image:width\" content=\"1810\" \/>\r\n\t<meta property=\"og:image:height\" content=\"2560\" \/>\r\n\t<meta property=\"og:image:type\" content=\"image\/jpeg\" \/>\r\n<meta name=\"twitter:card\" content=\"summary_large_image\" \/>\r\n<meta name=\"twitter:site\" content=\"@atarinside_fr\" \/>\r\n<script type=\"application\/ld+json\" class=\"yoast-schema-graph\">{\"@context\":\"https:\/\/schema.org\",\"@graph\":[{\"@type\":\"WebPage\",\"@id\":\"https:\/\/www.atarinside.com\/blog\/index.php\/books\/de-re-atari-francais\/\",\"url\":\"https:\/\/www.atarinside.com\/blog\/index.php\/books\/de-re-atari-francais\/\",\"name\":\"DE RE ATARI (fran\u00e7ais) - Atarinside\",\"isPartOf\":{\"@id\":\"https:\/\/www.atarinside.com\/blog\/#website\"},\"primaryImageOfPage\":{\"@id\":\"https:\/\/www.atarinside.com\/blog\/index.php\/books\/de-re-atari-francais\/#primaryimage\"},\"image\":{\"@id\":\"https:\/\/www.atarinside.com\/blog\/index.php\/books\/de-re-atari-francais\/#primaryimage\"},\"thumbnailUrl\":\"https:\/\/www.atarinside.com\/blog\/wp-content\/uploads\/2023\/04\/DE-RE-ATARI-francais-APX-90009-ISBN-2-905299-00-2-P.001-copie-scaled.jpg\",\"datePublished\":\"2023-04-16T22:21:09+00:00\",\"dateModified\":\"2023-04-16T22:54:02+00:00\",\"description\":\"DE RE ATARI fran\u00e7ais french APX 90009 - ISBN 2-905299-00-2\",\"breadcrumb\":{\"@id\":\"https:\/\/www.atarinside.com\/blog\/index.php\/books\/de-re-atari-francais\/#breadcrumb\"},\"inLanguage\":\"fr-FR\",\"potentialAction\":[{\"@type\":\"ReadAction\",\"target\":[\"https:\/\/www.atarinside.com\/blog\/index.php\/books\/de-re-atari-francais\/\"]}]},{\"@type\":\"ImageObject\",\"inLanguage\":\"fr-FR\",\"@id\":\"https:\/\/www.atarinside.com\/blog\/index.php\/books\/de-re-atari-francais\/#primaryimage\",\"url\":\"https:\/\/www.atarinside.com\/blog\/wp-content\/uploads\/2023\/04\/DE-RE-ATARI-francais-APX-90009-ISBN-2-905299-00-2-P.001-copie-scaled.jpg\",\"contentUrl\":\"https:\/\/www.atarinside.com\/blog\/wp-content\/uploads\/2023\/04\/DE-RE-ATARI-francais-APX-90009-ISBN-2-905299-00-2-P.001-copie-scaled.jpg\",\"width\":1810,\"height\":2560},{\"@type\":\"BreadcrumbList\",\"@id\":\"https:\/\/www.atarinside.com\/blog\/index.php\/books\/de-re-atari-francais\/#breadcrumb\",\"itemListElement\":[{\"@type\":\"ListItem\",\"position\":1,\"name\":\"Accueil\",\"item\":\"https:\/\/www.atarinside.com\/blog\/\"},{\"@type\":\"ListItem\",\"position\":2,\"name\":\"Books\",\"item\":\"https:\/\/www.atarinside.com\/blog\/index.php\/books\/\"},{\"@type\":\"ListItem\",\"position\":3,\"name\":\"DE RE ATARI (fran\u00e7ais)\"}]},{\"@type\":\"WebSite\",\"@id\":\"https:\/\/www.atarinside.com\/blog\/#website\",\"url\":\"https:\/\/www.atarinside.com\/blog\/\",\"name\":\"Atarinside\",\"description\":\"Atari 8 bits European Games and Softwares Preservation (Atari France Germany Italy UK Benelux)\",\"publisher\":{\"@id\":\"https:\/\/www.atarinside.com\/blog\/#\/schema\/person\/3a8b5bb49e55fb95e6101a96c7afbdae\"},\"potentialAction\":[{\"@type\":\"SearchAction\",\"target\":{\"@type\":\"EntryPoint\",\"urlTemplate\":\"https:\/\/www.atarinside.com\/blog\/?s={search_term_string}\"},\"query-input\":{\"@type\":\"PropertyValueSpecification\",\"valueRequired\":true,\"valueName\":\"search_term_string\"}}],\"inLanguage\":\"fr-FR\"},{\"@type\":[\"Person\",\"Organization\"],\"@id\":\"https:\/\/www.atarinside.com\/blog\/#\/schema\/person\/3a8b5bb49e55fb95e6101a96c7afbdae\",\"name\":\"Atarinside\",\"image\":{\"@type\":\"ImageObject\",\"inLanguage\":\"fr-FR\",\"@id\":\"https:\/\/www.atarinside.com\/blog\/#\/schema\/person\/image\/\",\"url\":\"https:\/\/www.atarinside.com\/blog\/wp-content\/uploads\/2021\/05\/Atarinside-logo-square-512.png\",\"contentUrl\":\"https:\/\/www.atarinside.com\/blog\/wp-content\/uploads\/2021\/05\/Atarinside-logo-square-512.png\",\"width\":512,\"height\":512,\"caption\":\"Atarinside\"},\"logo\":{\"@id\":\"https:\/\/www.atarinside.com\/blog\/#\/schema\/person\/image\/\"},\"sameAs\":[\"https:\/\/www.atarinside.com\/\",\"https:\/\/fr-fr.facebook.com\/Atarinside\/\",\"https:\/\/x.com\/atarinside_fr\"]}]}<\/script>\r\n<!-- \/ Yoast SEO plugin. -->","yoast_head_json":{"title":"DE RE ATARI (fran\u00e7ais) - Atarinside","description":"DE RE ATARI fran\u00e7ais french APX 90009 - ISBN 2-905299-00-2","robots":{"index":"index","follow":"follow","max-snippet":"max-snippet:-1","max-image-preview":"max-image-preview:large","max-video-preview":"max-video-preview:-1"},"canonical":"https:\/\/www.atarinside.com\/blog\/index.php\/books\/de-re-atari-francais\/","og_locale":"fr_FR","og_type":"article","og_title":"DE RE ATARI (fran\u00e7ais) - Atarinside","og_description":"DE RE ATARI fran\u00e7ais french APX 90009 - ISBN 2-905299-00-2","og_url":"https:\/\/www.atarinside.com\/blog\/index.php\/books\/de-re-atari-francais\/","og_site_name":"Atarinside","article_publisher":"https:\/\/fr-fr.facebook.com\/Atarinside\/","article_modified_time":"2023-04-16T22:54:02+00:00","og_image":[{"width":1810,"height":2560,"url":"https:\/\/www.atarinside.com\/blog\/wp-content\/uploads\/2023\/04\/DE-RE-ATARI-francais-APX-90009-ISBN-2-905299-00-2-P.001-copie-scaled.jpg","type":"image\/jpeg"}],"twitter_card":"summary_large_image","twitter_site":"@atarinside_fr","schema":{"@context":"https:\/\/schema.org","@graph":[{"@type":"WebPage","@id":"https:\/\/www.atarinside.com\/blog\/index.php\/books\/de-re-atari-francais\/","url":"https:\/\/www.atarinside.com\/blog\/index.php\/books\/de-re-atari-francais\/","name":"DE RE ATARI (fran\u00e7ais) - Atarinside","isPartOf":{"@id":"https:\/\/www.atarinside.com\/blog\/#website"},"primaryImageOfPage":{"@id":"https:\/\/www.atarinside.com\/blog\/index.php\/books\/de-re-atari-francais\/#primaryimage"},"image":{"@id":"https:\/\/www.atarinside.com\/blog\/index.php\/books\/de-re-atari-francais\/#primaryimage"},"thumbnailUrl":"https:\/\/www.atarinside.com\/blog\/wp-content\/uploads\/2023\/04\/DE-RE-ATARI-francais-APX-90009-ISBN-2-905299-00-2-P.001-copie-scaled.jpg","datePublished":"2023-04-16T22:21:09+00:00","dateModified":"2023-04-16T22:54:02+00:00","description":"DE RE ATARI fran\u00e7ais french APX 90009 - ISBN 2-905299-00-2","breadcrumb":{"@id":"https:\/\/www.atarinside.com\/blog\/index.php\/books\/de-re-atari-francais\/#breadcrumb"},"inLanguage":"fr-FR","potentialAction":[{"@type":"ReadAction","target":["https:\/\/www.atarinside.com\/blog\/index.php\/books\/de-re-atari-francais\/"]}]},{"@type":"ImageObject","inLanguage":"fr-FR","@id":"https:\/\/www.atarinside.com\/blog\/index.php\/books\/de-re-atari-francais\/#primaryimage","url":"https:\/\/www.atarinside.com\/blog\/wp-content\/uploads\/2023\/04\/DE-RE-ATARI-francais-APX-90009-ISBN-2-905299-00-2-P.001-copie-scaled.jpg","contentUrl":"https:\/\/www.atarinside.com\/blog\/wp-content\/uploads\/2023\/04\/DE-RE-ATARI-francais-APX-90009-ISBN-2-905299-00-2-P.001-copie-scaled.jpg","width":1810,"height":2560},{"@type":"BreadcrumbList","@id":"https:\/\/www.atarinside.com\/blog\/index.php\/books\/de-re-atari-francais\/#breadcrumb","itemListElement":[{"@type":"ListItem","position":1,"name":"Accueil","item":"https:\/\/www.atarinside.com\/blog\/"},{"@type":"ListItem","position":2,"name":"Books","item":"https:\/\/www.atarinside.com\/blog\/index.php\/books\/"},{"@type":"ListItem","position":3,"name":"DE RE ATARI (fran\u00e7ais)"}]},{"@type":"WebSite","@id":"https:\/\/www.atarinside.com\/blog\/#website","url":"https:\/\/www.atarinside.com\/blog\/","name":"Atarinside","description":"Atari 8 bits European Games and Softwares Preservation (Atari France Germany Italy UK Benelux)","publisher":{"@id":"https:\/\/www.atarinside.com\/blog\/#\/schema\/person\/3a8b5bb49e55fb95e6101a96c7afbdae"},"potentialAction":[{"@type":"SearchAction","target":{"@type":"EntryPoint","urlTemplate":"https:\/\/www.atarinside.com\/blog\/?s={search_term_string}"},"query-input":{"@type":"PropertyValueSpecification","valueRequired":true,"valueName":"search_term_string"}}],"inLanguage":"fr-FR"},{"@type":["Person","Organization"],"@id":"https:\/\/www.atarinside.com\/blog\/#\/schema\/person\/3a8b5bb49e55fb95e6101a96c7afbdae","name":"Atarinside","image":{"@type":"ImageObject","inLanguage":"fr-FR","@id":"https:\/\/www.atarinside.com\/blog\/#\/schema\/person\/image\/","url":"https:\/\/www.atarinside.com\/blog\/wp-content\/uploads\/2021\/05\/Atarinside-logo-square-512.png","contentUrl":"https:\/\/www.atarinside.com\/blog\/wp-content\/uploads\/2021\/05\/Atarinside-logo-square-512.png","width":512,"height":512,"caption":"Atarinside"},"logo":{"@id":"https:\/\/www.atarinside.com\/blog\/#\/schema\/person\/image\/"},"sameAs":["https:\/\/www.atarinside.com\/","https:\/\/fr-fr.facebook.com\/Atarinside\/","https:\/\/x.com\/atarinside_fr"]}]}},"_links":{"self":[{"href":"https:\/\/www.atarinside.com\/blog\/index.php\/wp-json\/wp\/v2\/pages\/2159","targetHints":{"allow":["GET"]}}],"collection":[{"href":"https:\/\/www.atarinside.com\/blog\/index.php\/wp-json\/wp\/v2\/pages"}],"about":[{"href":"https:\/\/www.atarinside.com\/blog\/index.php\/wp-json\/wp\/v2\/types\/page"}],"author":[{"embeddable":true,"href":"https:\/\/www.atarinside.com\/blog\/index.php\/wp-json\/wp\/v2\/users\/1"}],"replies":[{"embeddable":true,"href":"https:\/\/www.atarinside.com\/blog\/index.php\/wp-json\/wp\/v2\/comments?post=2159"}],"version-history":[{"count":0,"href":"https:\/\/www.atarinside.com\/blog\/index.php\/wp-json\/wp\/v2\/pages\/2159\/revisions"}],"up":[{"embeddable":true,"href":"https:\/\/www.atarinside.com\/blog\/index.php\/wp-json\/wp\/v2\/pages\/2163"}],"wp:featuredmedia":[{"embeddable":true,"href":"https:\/\/www.atarinside.com\/blog\/index.php\/wp-json\/wp\/v2\/media\/2154"}],"wp:attachment":[{"href":"https:\/\/www.atarinside.com\/blog\/index.php\/wp-json\/wp\/v2\/media?parent=2159"}],"curies":[{"name":"wp","href":"https:\/\/api.w.org\/{rel}","templated":true}]}}