{"id":1789,"date":"2019-03-23T15:24:25","date_gmt":"2019-03-23T14:24:25","guid":{"rendered":"https:\/\/atarinside.dyndns.org\/blog\/?page_id=1789"},"modified":"2019-03-23T15:24:25","modified_gmt":"2019-03-23T14:24:25","slug":"privacy-policy-rgpd","status":"publish","type":"page","link":"https:\/\/www.atarinside.com\/blog\/index.php\/contact\/privacy-policy-rgpd\/","title":{"rendered":"Privacy policy  &#8211; RGPD"},"content":{"rendered":"<p>Privacy Policy<br \/>\nPolitique de protection des donn\u00e9es personnelles du site Atarinside.org \/ Atarinside.com<\/p>\n<p>Introduction<br \/>\nCette politique a pour objectif d&#8217;encadrer la conformit\u00e9 des traitements de donn\u00e9es \u00e0 caract\u00e8re personnelles et le respect des droits des personnes concern\u00e9es pour la mise en place du site web Atarinside.<br \/>\nLes textes de r\u00e9f\u00e9rences de cette politique sont le RGPD (R\u00e8glement G\u00e9n\u00e9ral pour la Protection des Donn\u00e9es) et la Loi dite &#8221; Informatique et Libert\u00e9s &#8220;. Les notions utilis\u00e9es dans cette politique sont d\u00e9finies dans le RGPD, notamment les notions de traitement, de donn\u00e9es personnelles ou donn\u00e9es \u00e0 caract\u00e8re personnelles, personnes concern\u00e9es et responsable de traitement.<\/p>\n<p>Atarinside est attach\u00e9 au respect et \u00e0 la protection des donn\u00e9es personnelles. Nous nous engageons \u00e0 d\u00e9finir et appliquer les mesures ad\u00e9quates afin de garantir la s\u00e9curit\u00e9 du traitement de vos donn\u00e9es personnelles. Afin de veiller \u00e0 la bonne application de ces r\u00e8gles, Atarinside a d\u00e9sign\u00e9 un D\u00e9l\u00e9gu\u00e9 \u00e0 la Protection des Donn\u00e9es ou Data Protection Officer (DPO) qui est le relais privil\u00e9gi\u00e9 sur ces sujets.<\/p>\n<p>Les principes fondamentaux<br \/>\nLa finalit\u00e9 du traitement<br \/>\nLes donn\u00e9es \u00e0 caract\u00e8re personnel recueillies via le site Internet Atarinside, le sont dans le cadre de plusieurs traitements, ayant pour but de :<\/p>\n<p>r\u00e9pondre \u00e0 vos demandes exprim\u00e9es via les formulaires ou en utilisant les moyens de contact disponibles sur le site Internet de Atarinside,<br \/>\npersonnaliser votre interaction avec nos sites, faciliter votre navigation et \u00e9laborer des statistiques d&#8217;utilisation du site Internet de Atarinside,<br \/>\npour d\u00e9velopper un partenariat.<br \/>\nAtarinside met en place ces traitements suivant son int\u00e9r\u00eat l\u00e9gitime \u00e0 r\u00e9pondre aux demandes que vous nous adressez.<\/p>\n<p>La consultation du site Internet, le renseignement des formulaires et la r\u00e9ception des communications de Atarinside sont bien s\u00fbr facultatives.<br \/>\nLes donn\u00e9es \u00e0 renseigner dans les formulaires sont obligatoires pour nous permettre de vous recontacter et d&#8217;adresser au mieux vos besoins et demandes.<\/p>\n<p>La pertinence des donn\u00e9es<br \/>\nAtarinside collecte et traite les donn\u00e9es \u00e0 caract\u00e8re personnel de mani\u00e8re loyale et licite. Les donn\u00e9es collect\u00e9es par Atarinside incluent les cat\u00e9gories suivantes :<\/p>\n<p>Identit\u00e9 (ex : noms, pr\u00e9noms, coordonn\u00e9es)<br \/>\nDonn\u00e9es de connexion (ex : inscriptions sur le subscription center, cookies)<br \/>\nDonn\u00e9es de localisation (ex : d\u00e9duite de l&#8217;adresse IP \u00e0 partir de laquelle vous consultez le site)<br \/>\nAtarinside veille \u00e0 mettre \u00e0 jour les donn\u00e9es tout au long des traitements afin que ces derni\u00e8res ne soient pas obsol\u00e8tes.<\/p>\n<p>La conservation limit\u00e9e des donn\u00e9es<br \/>\nAtarinside ne conserve pas les donn\u00e9es \u00e0 caract\u00e8re personnel au-del\u00e0 de la dur\u00e9e n\u00e9cessaire pour atteindre la finalit\u00e9 du traitement, tout en respectant les limites l\u00e9gales et r\u00e8glementaires applicables.<\/p>\n<p>Les cookies ont une dur\u00e9e de validit\u00e9 de 100 jours.<\/p>\n<p>L&#8217;acc\u00e8s restreint aux donn\u00e9es<br \/>\nSeuls les destinataires d\u00fbment habilit\u00e9s peuvent acc\u00e9der, dans le cadre d&#8217;une politique de gestion des acc\u00e8s, aux informations n\u00e9cessaires \u00e0 leur activit\u00e9.<br \/>\nEn effet, Atarinside d\u00e9finit les r\u00e8gles d&#8217;acc\u00e8s et de confidentialit\u00e9 applicables aux donn\u00e9es personnelles trait\u00e9es.<\/p>\n<p>La s\u00e9curit\u00e9<br \/>\nAtarinside d\u00e9termine et met en \u0153uvre les moyens n\u00e9cessaires \u00e0 la protection des traitements de donn\u00e9es \u00e0 caract\u00e8re personnel pour \u00e9viter tout acc\u00e8s par un tiers non autoris\u00e9 et pr\u00e9venir tout perte, alt\u00e9ration ou divulgation de donn\u00e9es.<\/p>\n<p>L&#8217;information et les droits des personnes<br \/>\nPr\u00e9alablement \u00e0 la mise en \u0153uvre de ses traitements, Atarinside informe les personnes concern\u00e9es. L&#8217;information est r\u00e9alis\u00e9e via la pr\u00e9sente politique pour le site Internet de Atarinside.<\/p>\n<p>Conform\u00e9ment aux lois et r\u00e8glements en vigueur, notamment le RGPD et la Loi Informatique et Libert\u00e9s, vous disposez des droits suivants : acc\u00e8s, rectification, effacement, limitation, opposition, introduction d&#8217;une r\u00e9clamation aupr\u00e8s de la CNIL ; et lorsque c&#8217;est applicable : portabilit\u00e9, retrait de son consentement, organisation du sort de ses donn\u00e9es personnelles apr\u00e8s la mort.<\/p>\n<p>Pour exercer ces droits, vous pouvez utiliser un formulaire de contact ou \u00e9crire au service charg\u00e9 du respect des droits des personnes (fomulaire de contact).<\/p>\n<p>Afin de valider la l\u00e9gitimit\u00e9 de votre demande, une demande sign\u00e9e, accompagn\u00e9e de la photocopie d&#8217;un titre d&#8217;identit\u00e9 valide portant votre signature pourra vous \u00eatre demand\u00e9e. Nous vous demanderons \u00e9galement de nous confier des coordonn\u00e9es pour vous faire parvenir une r\u00e9ponse.<\/p>\n<p>Profilage et scoring : les cookies<br \/>\nAfin d&#8217;optimiser et am\u00e9liorer la qualit\u00e9 des services qui vous sont propos\u00e9s et leur ad\u00e9quation avec vos attentes, Atarinside est susceptible d&#8217;utiliser des &#8221; cookies &#8220;. En acc\u00e9dant au site Internet de Atarinside et en y poursuivant votre navigation, vous fournissez votre accord \u00e0 l&#8217;impl\u00e9mentation et l&#8217;utilisation de cookies sur votre terminal, et vous reconnaissez avoir pris connaissance de l&#8217;information qui vous est fournie concernant l&#8217;utilisation de ces cookies, et des moyens dont vous disposez notamment pour vous y opposer.<\/p>\n<p>Les transferts de donn\u00e9es<br \/>\nDes outils nous permettent de traiter vos informations et impliquent leur transfert hors-UE :<\/p>\n<p>Soci\u00e9t\u00e9s Facebook et Twitter, aux USA<br \/>\nLes acteurs de la protection des donn\u00e9es<br \/>\nLe Data Protection Officer (DPO)<br \/>\nAtarinside a d\u00e9sign\u00e9 un DPO Atarinside France. Le DPO veille \u00e0 la conformit\u00e9 au RGPD au sein de Atarinside France, accompagner les \u00e9quipes lors de la mise en \u0153uvre de traitements, aide l&#8217;instruction des demandes li\u00e9es \u00e0 la protection des donn\u00e9es personnelles, informe et sensibilise les collaborateurs.<\/p>\n<p>Le DPO b\u00e9n\u00e9ficie de mesures organisationnelles et de moyens lui permettant de piloter la mise en conformit\u00e9 de Atarinside.<\/p>\n<p>Les autres acteurs<br \/>\nResponsable de traitement<br \/>\nIl d\u00e9termine les finalit\u00e9s et les moyens du traitement. Contact : atarinside at mallard point tv<\/p>\n<p>Service charg\u00e9 de la mise en \u0153uvre du traitement<br \/>\nLe propri\u00e9taire de Atarinside met en \u0153uvre le site Internet de Atarinside.<\/p>\n<p>Service charg\u00e9 du respect des droits des personnes<br \/>\nPour exercer vos droits vous pouvez solliciter le DPO de Atarinside (propri\u00e9taire du site), en utilisant le formulaire de contact.<\/p>\n<p>Sous-traitant<br \/>\nIl traite des donn\u00e9es personnelles pour le compte du responsable de traitement. Il agit sur instruction de Atarinside. Il est sous contrat avec Atarinside, contrat contenant imp\u00e9rativement les exigences de Atarinside en mati\u00e8re de protection des donn\u00e9es personnelles.<\/p>\n<p>Dans le cadre du site Internet de Atarinside, les sous-traitants suivants sont impliqu\u00e9s : WordPress, Facebook, Twitter.<\/p>\n<p>Destinataire<br \/>\nIl est habilit\u00e9 \u00e0 recevoir la communication des donn\u00e9es, sur la base du besoin d&#8217;en conna\u00eetre et du principe de moindre privil\u00e8ge.<br \/>\nLes donn\u00e9es collect\u00e9es sur le site Internet de Atarinside sont exclusivement r\u00e9serv\u00e9es \u00e0 l&#8217;usage de Atarinside, et ne font l&#8217;objet d&#8217;aucune session \u00e0 des tiers.<\/p>\n<p>Personne concern\u00e9e<br \/>\nPersonne \u00e0 qui appartiennent les donn\u00e9es personnelles trait\u00e9es.<br \/>\nIl s&#8217;agit de vous, qui souhaitez nous fournir vos coordonn\u00e9es : client, prospect, partenaire, fournisseur, candidat.<\/p>\n","protected":false},"excerpt":{"rendered":"<p>Privacy Policy Politique de protection des donn\u00e9es personnelles du site Atarinside.org \/ Atarinside.com Introduction Cette politique a pour objectif d&#8217;encadrer la conformit\u00e9 des traitements de donn\u00e9es \u00e0 caract\u00e8re personnelles et le respect des droits des personnes concern\u00e9es pour la mise en place du site web Atarinside. Les textes de r\u00e9f\u00e9rences de cette politique sont le [&hellip;]<\/p>\n","protected":false},"author":1,"featured_media":0,"parent":223,"menu_order":0,"comment_status":"closed","ping_status":"closed","template":"","meta":{"rop_custom_images_group":[],"rop_custom_messages_group":[],"rop_publish_now":"initial","rop_publish_now_accounts":{"facebook_10222809492399760_1734439746878587":""},"rop_publish_now_history":[],"rop_publish_now_status":"pending","footnotes":""},"class_list":["post-1789","page","type-page","status-publish","hentry"],"yoast_head":"<!-- This site is optimized with the Yoast SEO plugin v27.1.1 - https:\/\/yoast.com\/product\/yoast-seo-wordpress\/ -->\r\n<title>Privacy policy - RGPD - Atarinside<\/title>\r\n<meta name=\"robots\" content=\"index, follow, max-snippet:-1, max-image-preview:large, max-video-preview:-1\" \/>\r\n<link rel=\"canonical\" href=\"https:\/\/www.atarinside.com\/blog\/index.php\/contact\/privacy-policy-rgpd\/\" \/>\r\n<meta property=\"og:locale\" content=\"fr_FR\" \/>\r\n<meta property=\"og:type\" content=\"article\" \/>\r\n<meta property=\"og:title\" content=\"Privacy policy - RGPD - Atarinside\" \/>\r\n<meta property=\"og:description\" content=\"Privacy Policy Politique de protection des donn\u00e9es personnelles du site Atarinside.org \/ Atarinside.com Introduction Cette politique a pour objectif d&#8217;encadrer la conformit\u00e9 des traitements de donn\u00e9es \u00e0 caract\u00e8re personnelles et le respect des droits des personnes concern\u00e9es pour la mise en place du site web Atarinside. Les textes de r\u00e9f\u00e9rences de cette politique sont le [&hellip;]\" \/>\r\n<meta property=\"og:url\" content=\"https:\/\/www.atarinside.com\/blog\/index.php\/contact\/privacy-policy-rgpd\/\" \/>\r\n<meta property=\"og:site_name\" content=\"Atarinside\" \/>\r\n<meta property=\"article:publisher\" content=\"https:\/\/fr-fr.facebook.com\/Atarinside\/\" \/>\r\n<meta name=\"twitter:card\" content=\"summary_large_image\" \/>\r\n<meta name=\"twitter:site\" content=\"@atarinside_fr\" \/>\r\n<script type=\"application\/ld+json\" class=\"yoast-schema-graph\">{\"@context\":\"https:\/\/schema.org\",\"@graph\":[{\"@type\":\"WebPage\",\"@id\":\"https:\/\/www.atarinside.com\/blog\/index.php\/contact\/privacy-policy-rgpd\/\",\"url\":\"https:\/\/www.atarinside.com\/blog\/index.php\/contact\/privacy-policy-rgpd\/\",\"name\":\"Privacy policy - RGPD - Atarinside\",\"isPartOf\":{\"@id\":\"https:\/\/www.atarinside.com\/blog\/#website\"},\"datePublished\":\"2019-03-23T14:24:25+00:00\",\"breadcrumb\":{\"@id\":\"https:\/\/www.atarinside.com\/blog\/index.php\/contact\/privacy-policy-rgpd\/#breadcrumb\"},\"inLanguage\":\"fr-FR\",\"potentialAction\":[{\"@type\":\"ReadAction\",\"target\":[\"https:\/\/www.atarinside.com\/blog\/index.php\/contact\/privacy-policy-rgpd\/\"]}]},{\"@type\":\"BreadcrumbList\",\"@id\":\"https:\/\/www.atarinside.com\/blog\/index.php\/contact\/privacy-policy-rgpd\/#breadcrumb\",\"itemListElement\":[{\"@type\":\"ListItem\",\"position\":1,\"name\":\"Accueil\",\"item\":\"https:\/\/www.atarinside.com\/blog\/\"},{\"@type\":\"ListItem\",\"position\":2,\"name\":\"Contact\",\"item\":\"https:\/\/www.atarinside.com\/blog\/index.php\/contact\/\"},{\"@type\":\"ListItem\",\"position\":3,\"name\":\"Privacy policy &#8211; RGPD\"}]},{\"@type\":\"WebSite\",\"@id\":\"https:\/\/www.atarinside.com\/blog\/#website\",\"url\":\"https:\/\/www.atarinside.com\/blog\/\",\"name\":\"Atarinside\",\"description\":\"Atari 8 bits European Games and Softwares Preservation (Atari France Germany Italy UK Benelux)\",\"publisher\":{\"@id\":\"https:\/\/www.atarinside.com\/blog\/#\/schema\/person\/3a8b5bb49e55fb95e6101a96c7afbdae\"},\"potentialAction\":[{\"@type\":\"SearchAction\",\"target\":{\"@type\":\"EntryPoint\",\"urlTemplate\":\"https:\/\/www.atarinside.com\/blog\/?s={search_term_string}\"},\"query-input\":{\"@type\":\"PropertyValueSpecification\",\"valueRequired\":true,\"valueName\":\"search_term_string\"}}],\"inLanguage\":\"fr-FR\"},{\"@type\":[\"Person\",\"Organization\"],\"@id\":\"https:\/\/www.atarinside.com\/blog\/#\/schema\/person\/3a8b5bb49e55fb95e6101a96c7afbdae\",\"name\":\"Atarinside\",\"image\":{\"@type\":\"ImageObject\",\"inLanguage\":\"fr-FR\",\"@id\":\"https:\/\/www.atarinside.com\/blog\/#\/schema\/person\/image\/\",\"url\":\"https:\/\/www.atarinside.com\/blog\/wp-content\/uploads\/2021\/05\/Atarinside-logo-square-512.png\",\"contentUrl\":\"https:\/\/www.atarinside.com\/blog\/wp-content\/uploads\/2021\/05\/Atarinside-logo-square-512.png\",\"width\":512,\"height\":512,\"caption\":\"Atarinside\"},\"logo\":{\"@id\":\"https:\/\/www.atarinside.com\/blog\/#\/schema\/person\/image\/\"},\"sameAs\":[\"https:\/\/www.atarinside.com\/\",\"https:\/\/fr-fr.facebook.com\/Atarinside\/\",\"https:\/\/x.com\/atarinside_fr\"]}]}<\/script>\r\n<!-- \/ Yoast SEO plugin. -->","yoast_head_json":{"title":"Privacy policy - RGPD - Atarinside","robots":{"index":"index","follow":"follow","max-snippet":"max-snippet:-1","max-image-preview":"max-image-preview:large","max-video-preview":"max-video-preview:-1"},"canonical":"https:\/\/www.atarinside.com\/blog\/index.php\/contact\/privacy-policy-rgpd\/","og_locale":"fr_FR","og_type":"article","og_title":"Privacy policy - RGPD - Atarinside","og_description":"Privacy Policy Politique de protection des donn\u00e9es personnelles du site Atarinside.org \/ Atarinside.com Introduction Cette politique a pour objectif d&#8217;encadrer la conformit\u00e9 des traitements de donn\u00e9es \u00e0 caract\u00e8re personnelles et le respect des droits des personnes concern\u00e9es pour la mise en place du site web Atarinside. Les textes de r\u00e9f\u00e9rences de cette politique sont le [&hellip;]","og_url":"https:\/\/www.atarinside.com\/blog\/index.php\/contact\/privacy-policy-rgpd\/","og_site_name":"Atarinside","article_publisher":"https:\/\/fr-fr.facebook.com\/Atarinside\/","twitter_card":"summary_large_image","twitter_site":"@atarinside_fr","schema":{"@context":"https:\/\/schema.org","@graph":[{"@type":"WebPage","@id":"https:\/\/www.atarinside.com\/blog\/index.php\/contact\/privacy-policy-rgpd\/","url":"https:\/\/www.atarinside.com\/blog\/index.php\/contact\/privacy-policy-rgpd\/","name":"Privacy policy - RGPD - Atarinside","isPartOf":{"@id":"https:\/\/www.atarinside.com\/blog\/#website"},"datePublished":"2019-03-23T14:24:25+00:00","breadcrumb":{"@id":"https:\/\/www.atarinside.com\/blog\/index.php\/contact\/privacy-policy-rgpd\/#breadcrumb"},"inLanguage":"fr-FR","potentialAction":[{"@type":"ReadAction","target":["https:\/\/www.atarinside.com\/blog\/index.php\/contact\/privacy-policy-rgpd\/"]}]},{"@type":"BreadcrumbList","@id":"https:\/\/www.atarinside.com\/blog\/index.php\/contact\/privacy-policy-rgpd\/#breadcrumb","itemListElement":[{"@type":"ListItem","position":1,"name":"Accueil","item":"https:\/\/www.atarinside.com\/blog\/"},{"@type":"ListItem","position":2,"name":"Contact","item":"https:\/\/www.atarinside.com\/blog\/index.php\/contact\/"},{"@type":"ListItem","position":3,"name":"Privacy policy &#8211; RGPD"}]},{"@type":"WebSite","@id":"https:\/\/www.atarinside.com\/blog\/#website","url":"https:\/\/www.atarinside.com\/blog\/","name":"Atarinside","description":"Atari 8 bits European Games and Softwares Preservation (Atari France Germany Italy UK Benelux)","publisher":{"@id":"https:\/\/www.atarinside.com\/blog\/#\/schema\/person\/3a8b5bb49e55fb95e6101a96c7afbdae"},"potentialAction":[{"@type":"SearchAction","target":{"@type":"EntryPoint","urlTemplate":"https:\/\/www.atarinside.com\/blog\/?s={search_term_string}"},"query-input":{"@type":"PropertyValueSpecification","valueRequired":true,"valueName":"search_term_string"}}],"inLanguage":"fr-FR"},{"@type":["Person","Organization"],"@id":"https:\/\/www.atarinside.com\/blog\/#\/schema\/person\/3a8b5bb49e55fb95e6101a96c7afbdae","name":"Atarinside","image":{"@type":"ImageObject","inLanguage":"fr-FR","@id":"https:\/\/www.atarinside.com\/blog\/#\/schema\/person\/image\/","url":"https:\/\/www.atarinside.com\/blog\/wp-content\/uploads\/2021\/05\/Atarinside-logo-square-512.png","contentUrl":"https:\/\/www.atarinside.com\/blog\/wp-content\/uploads\/2021\/05\/Atarinside-logo-square-512.png","width":512,"height":512,"caption":"Atarinside"},"logo":{"@id":"https:\/\/www.atarinside.com\/blog\/#\/schema\/person\/image\/"},"sameAs":["https:\/\/www.atarinside.com\/","https:\/\/fr-fr.facebook.com\/Atarinside\/","https:\/\/x.com\/atarinside_fr"]}]}},"_links":{"self":[{"href":"https:\/\/www.atarinside.com\/blog\/index.php\/wp-json\/wp\/v2\/pages\/1789","targetHints":{"allow":["GET"]}}],"collection":[{"href":"https:\/\/www.atarinside.com\/blog\/index.php\/wp-json\/wp\/v2\/pages"}],"about":[{"href":"https:\/\/www.atarinside.com\/blog\/index.php\/wp-json\/wp\/v2\/types\/page"}],"author":[{"embeddable":true,"href":"https:\/\/www.atarinside.com\/blog\/index.php\/wp-json\/wp\/v2\/users\/1"}],"replies":[{"embeddable":true,"href":"https:\/\/www.atarinside.com\/blog\/index.php\/wp-json\/wp\/v2\/comments?post=1789"}],"version-history":[{"count":0,"href":"https:\/\/www.atarinside.com\/blog\/index.php\/wp-json\/wp\/v2\/pages\/1789\/revisions"}],"up":[{"embeddable":true,"href":"https:\/\/www.atarinside.com\/blog\/index.php\/wp-json\/wp\/v2\/pages\/223"}],"wp:attachment":[{"href":"https:\/\/www.atarinside.com\/blog\/index.php\/wp-json\/wp\/v2\/media?parent=1789"}],"curies":[{"name":"wp","href":"https:\/\/api.w.org\/{rel}","templated":true}]}}