{"id":121,"date":"2016-07-25T13:04:35","date_gmt":"2016-07-25T11:04:35","guid":{"rendered":"https:\/\/atarinside.dyndns.org\/blog\/?page_id=121"},"modified":"2016-08-22T11:10:50","modified_gmt":"2016-08-22T09:10:50","slug":"atari-atari-benelux-silverwhite-plastic-boxes-full-reference-list","status":"publish","type":"page","link":"https:\/\/www.atarinside.com\/blog\/index.php\/atari-benelux\/atari-atari-benelux-silverwhite-plastic-boxes-full-reference-list\/","title":{"rendered":"ATARI &#8211; Atari Benelux &#8211; Silver\/White plastic boxes &#8211; Full reference list"},"content":{"rendered":"<p>Si vous voyez une erreur dans ce tableau, une r\u00e9f\u00e9rence manquante ou\u00a0que vous avez une boite manquante \u00e0 vendre ou \u00e0 \u00e9changer:\u00a0<a href=\"https:\/\/www.atarinside.com\/blog\/index.php\/contact\/\">Contactez-moi !<\/a> \ud83d\ude42<br \/>\nIf you see an error, a missing reference in this\u00a0table or if you have something to sell or trade :\u00a0<a href=\"https:\/\/www.atarinside.com\/blog\/index.php\/contact\/\">Please contact me<\/a> ! \ud83d\ude42<br \/>\n\n<table id=\"tablepress-3\" class=\"tablepress tablepress-id-3\">\n<thead>\n<tr class=\"row-1\">\n\t<th class=\"column-1\">#<\/th><th class=\"column-2\">Title<\/th><th class=\"column-3\"><img loading=\"lazy\" decoding=\"async\" src=\"http:\/\/www.atarinside.com\/blog\/wp-content\/uploads\/2016\/07\/Cart20.jpg\" alt=\"Cart20\" width=\"17\" height=\"20\" class=\"alignnone size-full wp-image-104\" \/><\/th><th class=\"column-4\"><img loading=\"lazy\" decoding=\"async\" src=\"http:\/\/www.atarinside.com\/blog\/wp-content\/uploads\/2016\/07\/floppy-disk.jpg\" alt=\"floppy-disk\" width=\"20\" height=\"20\" class=\"size-full wp-image-95\" \/><\/th><th class=\"column-5\"><img loading=\"lazy\" decoding=\"async\" src=\"http:\/\/www.atarinside.com\/blog\/wp-content\/uploads\/2016\/07\/tape.jpg\" alt=\"Tape\" width=\"30\" height=\"18\" class=\"alignnone size-full wp-image-97\" \/><\/th><th class=\"column-6\">Ref. #<\/th><th class=\"column-7\">In my collection<\/th>\n<\/tr>\n<\/thead>\n<tbody class=\"row-striping row-hover\">\n<tr class=\"row-2\">\n\t<td class=\"column-1\"><\/td><td class=\"column-2\">Atari Adressenbestand<\/td><td class=\"column-3\"><\/td><td class=\"column-4\"><\/td><td class=\"column-5\">x<\/td><td class=\"column-6\">CXN 4104<\/td><td class=\"column-7\">x<\/td>\n<\/tr>\n<tr class=\"row-3\">\n\t<td class=\"column-1\"><\/td><td class=\"column-2\">Atari Energie<\/td><td class=\"column-3\"><\/td><td class=\"column-4\"><\/td><td class=\"column-5\">x<\/td><td class=\"column-6\">TXN 4121<\/td><td class=\"column-7\">x<\/td>\n<\/tr>\n<tr class=\"row-4\">\n\t<td class=\"column-1\"><\/td><td class=\"column-2\">Atari Grafieken<\/td><td class=\"column-3\"><\/td><td class=\"column-4\"><\/td><td class=\"column-5\">x<\/td><td class=\"column-6\">TXN 4109<\/td><td class=\"column-7\">no<\/td>\n<\/tr>\n<tr class=\"row-5\">\n\t<td class=\"column-1\"><\/td><td class=\"column-2\">Atari Kaartsysteem<\/td><td class=\"column-3\"><\/td><td class=\"column-4\">x<\/td><td class=\"column-5\"><\/td><td class=\"column-6\">DXN 415<\/td><td class=\"column-7\">x<\/td>\n<\/tr>\n<tr class=\"row-6\">\n\t<td class=\"column-1\"><\/td><td class=\"column-2\">Atari Statistieken<\/td><td class=\"column-3\"><\/td><td class=\"column-4\"><\/td><td class=\"column-5\">x<\/td><td class=\"column-6\">TXN 4103<\/td><td class=\"column-7\">x<\/td>\n<\/tr>\n<tr class=\"row-7\">\n\t<td class=\"column-1\"><\/td><td class=\"column-2\">Bioritme<\/td><td class=\"column-3\"><\/td><td class=\"column-4\"><\/td><td class=\"column-5\">x<\/td><td class=\"column-6\">TXN 4107<\/td><td class=\"column-7\">x<\/td>\n<\/tr>\n<tr class=\"row-8\">\n\t<td class=\"column-1\"><\/td><td class=\"column-2\">Blackjack<\/td><td class=\"column-3\"><\/td><td class=\"column-4\"><\/td><td class=\"column-5\">x<\/td><td class=\"column-6\">TXN 4105<\/td><td class=\"column-7\">x<\/td>\n<\/tr>\n<tr class=\"row-9\">\n\t<td class=\"column-1\"><\/td><td class=\"column-2\">Galgje<\/td><td class=\"column-3\"><\/td><td class=\"column-4\"><\/td><td class=\"column-5\">x<\/td><td class=\"column-6\">TXN 4108<\/td><td class=\"column-7\">x<\/td>\n<\/tr>\n<tr class=\"row-10\">\n\t<td class=\"column-1\"><\/td><td class=\"column-2\">Koninkrijk<\/td><td class=\"column-3\"><\/td><td class=\"column-4\"><\/td><td class=\"column-5\">x<\/td><td class=\"column-6\">TXN 4102<\/td><td class=\"column-7\">x<\/td>\n<\/tr>\n<tr class=\"row-11\">\n\t<td class=\"column-1\"><\/td><td class=\"column-2\">Programmeren...Hoe doe je dat? deel 1<\/td><td class=\"column-3\"><\/td><td class=\"column-4\"><\/td><td class=\"column-5\">x<\/td><td class=\"column-6\">TXN 4101<\/td><td class=\"column-7\">x<\/td>\n<\/tr>\n<tr class=\"row-12\">\n\t<td class=\"column-1\"><\/td><td class=\"column-2\">Programmeren...Hoe doe je dat? deel 2<\/td><td class=\"column-3\"><\/td><td class=\"column-4\"><\/td><td class=\"column-5\">x<\/td><td class=\"column-6\">TXN 4106<\/td><td class=\"column-7\">no<\/td>\n<\/tr>\n<tr class=\"row-13\">\n\t<td class=\"column-1\"><\/td><td class=\"column-2\">Programmeren...Hoe doe je dat? deel 3<\/td><td class=\"column-3\"><\/td><td class=\"column-4\"><\/td><td class=\"column-5\">x<\/td><td class=\"column-6\">TXN 4117<\/td><td class=\"column-7\">x<\/td>\n<\/tr>\n<tr class=\"row-14\">\n\t<td class=\"column-1\"><\/td><td class=\"column-2\">Huishoudboek<\/td><td class=\"column-3\"><\/td><td class=\"column-4\">x<\/td><td class=\"column-5\"><\/td><td class=\"column-6\">DXN 421<\/td><td class=\"column-7\">x<\/td>\n<\/tr>\n<tr class=\"row-15\">\n\t<td class=\"column-1\"><\/td><td class=\"column-2\">Europese Landen en Hoofdsteden<\/td><td class=\"column-3\"><\/td><td class=\"column-4\"><\/td><td class=\"column-5\">x<\/td><td class=\"column-6\">TXN 4114<\/td><td class=\"column-7\">no<\/td>\n<\/tr>\n<\/tbody>\n<\/table>\n<!-- #tablepress-3 from cache --><br \/>\nDerni\u00e8re mise \u00e0 jour le 2025-06-09 18:41:26<\/p>\n","protected":false},"excerpt":{"rendered":"<p>Si vous voyez une erreur dans ce tableau, une r\u00e9f\u00e9rence manquante ou\u00a0que vous avez une boite manquante \u00e0 vendre ou \u00e0 \u00e9changer:\u00a0Contactez-moi ! \ud83d\ude42 If you see an error, a missing reference in this\u00a0table or if you have something to sell or trade :\u00a0Please contact me ! \ud83d\ude42 Derni\u00e8re mise \u00e0 jour le<\/p>\n","protected":false},"author":1,"featured_media":0,"parent":61,"menu_order":0,"comment_status":"open","ping_status":"closed","template":"","meta":{"rop_custom_images_group":[],"rop_custom_messages_group":[],"rop_publish_now":"initial","rop_publish_now_accounts":{"facebook_10222809492399760_1734439746878587":""},"rop_publish_now_history":[],"rop_publish_now_status":"pending","footnotes":""},"class_list":["post-121","page","type-page","status-publish","hentry"],"yoast_head":"<!-- This site is optimized with the Yoast SEO plugin v27.1.1 - https:\/\/yoast.com\/product\/yoast-seo-wordpress\/ -->\r\n<title>ATARI - Atari Benelux - Silver\/White plastic boxes - Full reference list - Atarinside<\/title>\r\n<meta name=\"robots\" content=\"index, follow, max-snippet:-1, max-image-preview:large, max-video-preview:-1\" \/>\r\n<link rel=\"canonical\" href=\"https:\/\/www.atarinside.com\/blog\/index.php\/atari-benelux\/atari-atari-benelux-silverwhite-plastic-boxes-full-reference-list\/\" \/>\r\n<meta property=\"og:locale\" content=\"fr_FR\" \/>\r\n<meta property=\"og:type\" content=\"article\" \/>\r\n<meta property=\"og:title\" content=\"ATARI - Atari Benelux - Silver\/White plastic boxes - Full reference list - Atarinside\" \/>\r\n<meta property=\"og:description\" content=\"Si vous voyez une erreur dans ce tableau, une r\u00e9f\u00e9rence manquante ou\u00a0que vous avez une boite manquante \u00e0 vendre ou \u00e0 \u00e9changer:\u00a0Contactez-moi ! \ud83d\ude42 If you see an error, a missing reference in this\u00a0table or if you have something to sell or trade :\u00a0Please contact me ! \ud83d\ude42 Derni\u00e8re mise \u00e0 jour le\" \/>\r\n<meta property=\"og:url\" content=\"https:\/\/www.atarinside.com\/blog\/index.php\/atari-benelux\/atari-atari-benelux-silverwhite-plastic-boxes-full-reference-list\/\" \/>\r\n<meta property=\"og:site_name\" content=\"Atarinside\" \/>\r\n<meta property=\"article:publisher\" content=\"https:\/\/fr-fr.facebook.com\/Atarinside\/\" \/>\r\n<meta property=\"article:modified_time\" content=\"2016-08-22T09:10:50+00:00\" \/>\r\n<meta name=\"twitter:card\" content=\"summary_large_image\" \/>\r\n<meta name=\"twitter:site\" content=\"@atarinside_fr\" \/>\r\n<script type=\"application\/ld+json\" class=\"yoast-schema-graph\">{\"@context\":\"https:\/\/schema.org\",\"@graph\":[{\"@type\":\"WebPage\",\"@id\":\"https:\/\/www.atarinside.com\/blog\/index.php\/atari-benelux\/atari-atari-benelux-silverwhite-plastic-boxes-full-reference-list\/\",\"url\":\"https:\/\/www.atarinside.com\/blog\/index.php\/atari-benelux\/atari-atari-benelux-silverwhite-plastic-boxes-full-reference-list\/\",\"name\":\"ATARI - Atari Benelux - Silver\/White plastic boxes - Full reference list - Atarinside\",\"isPartOf\":{\"@id\":\"https:\/\/www.atarinside.com\/blog\/#website\"},\"datePublished\":\"2016-07-25T11:04:35+00:00\",\"dateModified\":\"2016-08-22T09:10:50+00:00\",\"breadcrumb\":{\"@id\":\"https:\/\/www.atarinside.com\/blog\/index.php\/atari-benelux\/atari-atari-benelux-silverwhite-plastic-boxes-full-reference-list\/#breadcrumb\"},\"inLanguage\":\"fr-FR\",\"potentialAction\":[{\"@type\":\"ReadAction\",\"target\":[\"https:\/\/www.atarinside.com\/blog\/index.php\/atari-benelux\/atari-atari-benelux-silverwhite-plastic-boxes-full-reference-list\/\"]}]},{\"@type\":\"BreadcrumbList\",\"@id\":\"https:\/\/www.atarinside.com\/blog\/index.php\/atari-benelux\/atari-atari-benelux-silverwhite-plastic-boxes-full-reference-list\/#breadcrumb\",\"itemListElement\":[{\"@type\":\"ListItem\",\"position\":1,\"name\":\"Accueil\",\"item\":\"https:\/\/www.atarinside.com\/blog\/\"},{\"@type\":\"ListItem\",\"position\":2,\"name\":\"Atari Benelux\",\"item\":\"https:\/\/www.atarinside.com\/blog\/index.php\/atari-benelux\/\"},{\"@type\":\"ListItem\",\"position\":3,\"name\":\"ATARI &#8211; Atari Benelux &#8211; Silver\/White plastic boxes &#8211; Full reference list\"}]},{\"@type\":\"WebSite\",\"@id\":\"https:\/\/www.atarinside.com\/blog\/#website\",\"url\":\"https:\/\/www.atarinside.com\/blog\/\",\"name\":\"Atarinside\",\"description\":\"Atari 8 bits European Games and Softwares Preservation (Atari France Germany Italy UK Benelux)\",\"publisher\":{\"@id\":\"https:\/\/www.atarinside.com\/blog\/#\/schema\/person\/3a8b5bb49e55fb95e6101a96c7afbdae\"},\"potentialAction\":[{\"@type\":\"SearchAction\",\"target\":{\"@type\":\"EntryPoint\",\"urlTemplate\":\"https:\/\/www.atarinside.com\/blog\/?s={search_term_string}\"},\"query-input\":{\"@type\":\"PropertyValueSpecification\",\"valueRequired\":true,\"valueName\":\"search_term_string\"}}],\"inLanguage\":\"fr-FR\"},{\"@type\":[\"Person\",\"Organization\"],\"@id\":\"https:\/\/www.atarinside.com\/blog\/#\/schema\/person\/3a8b5bb49e55fb95e6101a96c7afbdae\",\"name\":\"Atarinside\",\"image\":{\"@type\":\"ImageObject\",\"inLanguage\":\"fr-FR\",\"@id\":\"https:\/\/www.atarinside.com\/blog\/#\/schema\/person\/image\/\",\"url\":\"https:\/\/www.atarinside.com\/blog\/wp-content\/uploads\/2021\/05\/Atarinside-logo-square-512.png\",\"contentUrl\":\"https:\/\/www.atarinside.com\/blog\/wp-content\/uploads\/2021\/05\/Atarinside-logo-square-512.png\",\"width\":512,\"height\":512,\"caption\":\"Atarinside\"},\"logo\":{\"@id\":\"https:\/\/www.atarinside.com\/blog\/#\/schema\/person\/image\/\"},\"sameAs\":[\"https:\/\/www.atarinside.com\/\",\"https:\/\/fr-fr.facebook.com\/Atarinside\/\",\"https:\/\/x.com\/atarinside_fr\"]}]}<\/script>\r\n<!-- \/ Yoast SEO plugin. -->","yoast_head_json":{"title":"ATARI - Atari Benelux - Silver\/White plastic boxes - Full reference list - Atarinside","robots":{"index":"index","follow":"follow","max-snippet":"max-snippet:-1","max-image-preview":"max-image-preview:large","max-video-preview":"max-video-preview:-1"},"canonical":"https:\/\/www.atarinside.com\/blog\/index.php\/atari-benelux\/atari-atari-benelux-silverwhite-plastic-boxes-full-reference-list\/","og_locale":"fr_FR","og_type":"article","og_title":"ATARI - Atari Benelux - Silver\/White plastic boxes - Full reference list - Atarinside","og_description":"Si vous voyez une erreur dans ce tableau, une r\u00e9f\u00e9rence manquante ou\u00a0que vous avez une boite manquante \u00e0 vendre ou \u00e0 \u00e9changer:\u00a0Contactez-moi ! \ud83d\ude42 If you see an error, a missing reference in this\u00a0table or if you have something to sell or trade :\u00a0Please contact me ! \ud83d\ude42 Derni\u00e8re mise \u00e0 jour le","og_url":"https:\/\/www.atarinside.com\/blog\/index.php\/atari-benelux\/atari-atari-benelux-silverwhite-plastic-boxes-full-reference-list\/","og_site_name":"Atarinside","article_publisher":"https:\/\/fr-fr.facebook.com\/Atarinside\/","article_modified_time":"2016-08-22T09:10:50+00:00","twitter_card":"summary_large_image","twitter_site":"@atarinside_fr","schema":{"@context":"https:\/\/schema.org","@graph":[{"@type":"WebPage","@id":"https:\/\/www.atarinside.com\/blog\/index.php\/atari-benelux\/atari-atari-benelux-silverwhite-plastic-boxes-full-reference-list\/","url":"https:\/\/www.atarinside.com\/blog\/index.php\/atari-benelux\/atari-atari-benelux-silverwhite-plastic-boxes-full-reference-list\/","name":"ATARI - Atari Benelux - Silver\/White plastic boxes - Full reference list - Atarinside","isPartOf":{"@id":"https:\/\/www.atarinside.com\/blog\/#website"},"datePublished":"2016-07-25T11:04:35+00:00","dateModified":"2016-08-22T09:10:50+00:00","breadcrumb":{"@id":"https:\/\/www.atarinside.com\/blog\/index.php\/atari-benelux\/atari-atari-benelux-silverwhite-plastic-boxes-full-reference-list\/#breadcrumb"},"inLanguage":"fr-FR","potentialAction":[{"@type":"ReadAction","target":["https:\/\/www.atarinside.com\/blog\/index.php\/atari-benelux\/atari-atari-benelux-silverwhite-plastic-boxes-full-reference-list\/"]}]},{"@type":"BreadcrumbList","@id":"https:\/\/www.atarinside.com\/blog\/index.php\/atari-benelux\/atari-atari-benelux-silverwhite-plastic-boxes-full-reference-list\/#breadcrumb","itemListElement":[{"@type":"ListItem","position":1,"name":"Accueil","item":"https:\/\/www.atarinside.com\/blog\/"},{"@type":"ListItem","position":2,"name":"Atari Benelux","item":"https:\/\/www.atarinside.com\/blog\/index.php\/atari-benelux\/"},{"@type":"ListItem","position":3,"name":"ATARI &#8211; Atari Benelux &#8211; Silver\/White plastic boxes &#8211; Full reference list"}]},{"@type":"WebSite","@id":"https:\/\/www.atarinside.com\/blog\/#website","url":"https:\/\/www.atarinside.com\/blog\/","name":"Atarinside","description":"Atari 8 bits European Games and Softwares Preservation (Atari France Germany Italy UK Benelux)","publisher":{"@id":"https:\/\/www.atarinside.com\/blog\/#\/schema\/person\/3a8b5bb49e55fb95e6101a96c7afbdae"},"potentialAction":[{"@type":"SearchAction","target":{"@type":"EntryPoint","urlTemplate":"https:\/\/www.atarinside.com\/blog\/?s={search_term_string}"},"query-input":{"@type":"PropertyValueSpecification","valueRequired":true,"valueName":"search_term_string"}}],"inLanguage":"fr-FR"},{"@type":["Person","Organization"],"@id":"https:\/\/www.atarinside.com\/blog\/#\/schema\/person\/3a8b5bb49e55fb95e6101a96c7afbdae","name":"Atarinside","image":{"@type":"ImageObject","inLanguage":"fr-FR","@id":"https:\/\/www.atarinside.com\/blog\/#\/schema\/person\/image\/","url":"https:\/\/www.atarinside.com\/blog\/wp-content\/uploads\/2021\/05\/Atarinside-logo-square-512.png","contentUrl":"https:\/\/www.atarinside.com\/blog\/wp-content\/uploads\/2021\/05\/Atarinside-logo-square-512.png","width":512,"height":512,"caption":"Atarinside"},"logo":{"@id":"https:\/\/www.atarinside.com\/blog\/#\/schema\/person\/image\/"},"sameAs":["https:\/\/www.atarinside.com\/","https:\/\/fr-fr.facebook.com\/Atarinside\/","https:\/\/x.com\/atarinside_fr"]}]}},"_links":{"self":[{"href":"https:\/\/www.atarinside.com\/blog\/index.php\/wp-json\/wp\/v2\/pages\/121","targetHints":{"allow":["GET"]}}],"collection":[{"href":"https:\/\/www.atarinside.com\/blog\/index.php\/wp-json\/wp\/v2\/pages"}],"about":[{"href":"https:\/\/www.atarinside.com\/blog\/index.php\/wp-json\/wp\/v2\/types\/page"}],"author":[{"embeddable":true,"href":"https:\/\/www.atarinside.com\/blog\/index.php\/wp-json\/wp\/v2\/users\/1"}],"replies":[{"embeddable":true,"href":"https:\/\/www.atarinside.com\/blog\/index.php\/wp-json\/wp\/v2\/comments?post=121"}],"version-history":[{"count":0,"href":"https:\/\/www.atarinside.com\/blog\/index.php\/wp-json\/wp\/v2\/pages\/121\/revisions"}],"up":[{"embeddable":true,"href":"https:\/\/www.atarinside.com\/blog\/index.php\/wp-json\/wp\/v2\/pages\/61"}],"wp:attachment":[{"href":"https:\/\/www.atarinside.com\/blog\/index.php\/wp-json\/wp\/v2\/media?parent=121"}],"curies":[{"name":"wp","href":"https:\/\/api.w.org\/{rel}","templated":true}]}}